{"id":206,"date":"2022-03-14T11:28:28","date_gmt":"2022-03-14T11:28:28","guid":{"rendered":"https:\/\/www.tamperemaja.ee\/majutus\/?page_id=206"},"modified":"2025-12-31T08:02:57","modified_gmt":"2025-12-31T08:02:57","slug":"vota-meiega-uhendust","status":"publish","type":"page","link":"https:\/\/tamperemaja.ee\/majutus\/vota-meiega-uhendust\/","title":{"rendered":"V\u00f5ta meiega \u00fchendust"},"content":{"rendered":"\n<h2 class=\"wp-block-heading has-text-align-center has-large-font-size wp-el\"><strong><strong>K\u00fcsija suu pihta ei l\u00f6\u00f6da<\/strong><\/strong><\/h2>\n\n\n\n<div class=\"wp-block-contact-form-7-contact-form-selector\">\n<div class=\"wpcf7 no-js\" id=\"wpcf7-f703-o1\" lang=\"et\" dir=\"ltr\">\n<div class=\"screen-reader-response\"><p role=\"status\" aria-live=\"polite\" aria-atomic=\"true\"><\/p> <ul><\/ul><\/div>\n<form action=\"\/majutus\/wp-json\/wp\/v2\/pages\/206#wpcf7-f703-o1\" method=\"post\" class=\"wpcf7-form init\" aria-label=\"Contact form\" novalidate=\"novalidate\" data-status=\"init\">\n<div style=\"display: none;\">\n<input type=\"hidden\" name=\"_wpcf7\" value=\"703\" \/>\n<input type=\"hidden\" name=\"_wpcf7_version\" value=\"5.9.8\" \/>\n<input type=\"hidden\" name=\"_wpcf7_locale\" value=\"et\" \/>\n<input type=\"hidden\" name=\"_wpcf7_unit_tag\" value=\"wpcf7-f703-o1\" \/>\n<input type=\"hidden\" name=\"_wpcf7_container_post\" value=\"0\" \/>\n<input type=\"hidden\" name=\"_wpcf7_posted_data_hash\" value=\"\" \/>\n<\/div>\n<span class=\"wpcf7-form-control-wrap\" data-name=\"your-name\"><input size=\"40\" maxlength=\"400\" class=\"wpcf7-form-control wpcf7-text wpcf7-validates-as-required\" aria-required=\"true\" aria-invalid=\"false\" placeholder=\"Nimi\" value=\"\" type=\"text\" name=\"your-name\" \/><\/span>\n\n<span class=\"wpcf7-form-control-wrap\" data-name=\"your-email\"><input size=\"40\" maxlength=\"400\" class=\"wpcf7-form-control wpcf7-email wpcf7-validates-as-required wpcf7-text wpcf7-validates-as-email\" aria-required=\"true\" aria-invalid=\"false\" placeholder=\"Emaili aadress\" value=\"\" type=\"email\" name=\"your-email\" \/><\/span>\n\n<span class=\"wpcf7-form-control-wrap\" data-name=\"your-message\"><textarea cols=\"40\" rows=\"10\" maxlength=\"2000\" class=\"wpcf7-form-control wpcf7-textarea\" aria-invalid=\"false\" placeholder=\"S\u00f5num\" name=\"your-message\"><\/textarea><\/span>\n\n<div class=\"text-center\"><input class=\"wpcf7-form-control wpcf7-submit has-spinner\" type=\"submit\" value=\"Saada\" \/><\/div><div class=\"wpcf7-response-output\" aria-hidden=\"true\"><\/div>\n<\/form>\n<\/div>\n<\/div>\n\n\n<div class=\"single-el el-line__decal\"><svg width=\"40\" height=\"40\" viewBox=\"0 0 40 40\" fill=\"none\" xmlns=\"http:\/\/www.w3.org\/2000\/svg\"><path d=\"M20 33.8787L16.2028 30.0815C11.3213 25.2 11.3213 17.2854 16.2028 12.4039L20 8.6067L23.7972 12.4039C28.6787 17.2854 28.6787 25.2 23.7972 30.0815L20 33.8787Z\" stroke=\"var(--primary-color)\" stroke-width=\"3\"\/><mask id=\"symbol-mask\" fill=\"white\"><path d=\"M11 25C7.68629 25 5 22.3137 5 19L5 15L13.5 15L13.5 25L11 25Z\"\/><\/mask><path d=\"M5 15L5 12L2 12L2 15L5 15ZM13.5 15L16.5 15L16.5 12L13.5 12L13.5 15ZM13.5 25L13.5 28L16.5 28L16.5 25L13.5 25ZM8 19L8 15L2 15L2 19L8 19ZM5 18L13.5 18L13.5 12L5 12L5 18ZM10.5 15L10.5 25L16.5 25L16.5 15L10.5 15ZM13.5 22L11 22L11 28L13.5 28L13.5 22ZM2 19C2 23.9706 6.02944 28 11 28L11 22C9.34315 22 8 20.6569 8 19L2 19Z\" fill=\"var(--primary-color)\" mask=\"url(#symbol-mask)\"\/><mask id=\"symbol-mask2\" fill=\"white\"><path d=\"M29 25C32.3137 25 35 22.3137 35 19L35 15L26.5 15L26.5 25L29 25Z\"\/><\/mask><path d=\"M35 15L35 12L38 12L38 15L35 15ZM26.5 15L23.5 15L23.5 12L26.5 12L26.5 15ZM26.5 25L26.5 28L23.5 28L23.5 25L26.5 25ZM32 19L32 15L38 15L38 19L32 19ZM35 18L26.5 18L26.5 12L35 12L35 18ZM29.5 15L29.5 25L23.5 25L23.5 15L29.5 15ZM26.5 22L29 22L29 28L26.5 28L26.5 22ZM38 19C38 23.9706 33.9706 28 29 28L29 22C30.6569 22 32 20.6569 32 19L38 19Z\" fill=\"var(--primary-color)\" mask=\"url(#symbol-mask2)\"\/><\/svg><\/div>\n\n\n<h2 class=\"wp-block-heading has-text-align-center has-large-font-size wp-el\"><strong>Vastame ka teie k\u00f5nedele ja meilidele<\/strong><\/h2>\n\n\n<div id=\"acf-block_90832f82eba130faffaa72b7b430cca6\" class=\"acf-block-element element-contact-methods\"><div class=\"contact-method text-center\"><a href=\"mailto:info@ainola.ee\" class=\"d-inline-flex flex-column align-items-center justify-content-start\"><span class=\"d-flex flex-wrap align-items-center justify-content-center\"><svg width=\"22\" height=\"16\" viewBox=\"0 0 22 16\" fill=\"none\" xmlns=\"http:\/\/www.w3.org\/2000\/svg\"><path d=\"M21.5832 5.28333C21.7508 5.15417 22 5.275 22 5.47917V14C22 15.1042 21.0762 16 19.9375 16H2.0625C0.923828 16 0 15.1042 0 14V5.48333C0 5.275 0.244922 5.15833 0.416797 5.2875C1.3793 6.0125 2.65547 6.93333 7.03828 10.0208C7.94492 10.6625 9.47461 12.0125 11 12.0042C12.534 12.0167 14.0937 10.6375 14.966 10.0208C19.3488 6.93333 20.6207 6.00833 21.5832 5.28333ZM11 10.6667C11.9969 10.6833 13.432 9.45 14.1539 8.94167C19.8559 4.92917 20.2898 4.57917 21.6047 3.57917C21.8539 3.39167 22 3.1 22 2.79167V2C22 0.895833 21.0762 0 19.9375 0H2.0625C0.923828 0 0 0.895833 0 2V2.79167C0 3.1 0.146094 3.3875 0.395312 3.57917C1.71016 4.575 2.14414 4.92917 7.84609 8.94167C8.56797 9.45 10.0031 10.6833 11 10.6667Z\" fill=\"var(--primary-color)\"\/><\/svg><\/span><span class=\"d-block\">info@ainola.ee<\/span><\/a><\/div><div class=\"contact-method text-center\"><a href=\"tel:+37256453822\" class=\"d-inline-flex flex-column align-items-center justify-content-start\"><span class=\"d-flex flex-wrap align-items-center justify-content-center\"><svg width=\"16\" height=\"16\" viewBox=\"0 0 16 16\" fill=\"none\" xmlns=\"http:\/\/www.w3.org\/2000\/svg\"><path d=\"M15.5437 11.3062L12.0436 9.80614C11.8941 9.74242 11.728 9.72899 11.5701 9.76788C11.4123 9.80677 11.2714 9.89587 11.1686 10.0218L9.61861 11.9156C7.18598 10.7686 5.22828 8.81089 4.08132 6.37827L5.9751 4.82824C6.10126 4.72564 6.19054 4.58473 6.22945 4.42684C6.26836 4.26896 6.25477 4.10269 6.19073 3.95322L4.69071 0.453162C4.62043 0.292037 4.49613 0.160484 4.33925 0.0811864C4.18236 0.00188914 4.00273 -0.0201818 3.83132 0.0187795L0.58126 0.768793C0.415998 0.806955 0.26855 0.900007 0.162983 1.03276C0.0574151 1.16552 -3.80697e-05 1.33013 1.8926e-08 1.49974C1.8926e-08 9.51551 6.49699 16 14.5003 16C14.6699 16.0001 14.8346 15.9427 14.9674 15.8371C15.1002 15.7315 15.1933 15.5841 15.2315 15.4187L15.9815 12.1687C16.0202 11.9964 15.9977 11.8161 15.9178 11.6587C15.8379 11.5012 15.7056 11.3766 15.5437 11.3062Z\" fill=\"var(--primary-color)\"\/><\/svg><\/span><span class=\"d-block\">+37256453822<\/span><\/a><\/div><div class=\"contact-method text-center\"><a href=\"https:\/\/www.google.com\/maps\/dir\/\/Tampere+Maja+SA,+Jaani+4,+51007+Tartu\/@58.382061,26.7176695,17z\/data=!4m19!1m9!3m8!1s0x46eb36e6a2b053af:0x9e1a5bfae3d37888!2sTampere+Maja+SA!5m2!4m1!1i2!8m2!3d58.3820591!4d26.7198508!4m8!1m0!1m5!1m1!1s0x46eb36e6a2b053af:0x9e1a5bfae3d37888!2m2!1d26.7198508!2d58.3820591!3e2\" target=\"_blank\" class=\"d-inline-flex flex-column align-items-center justify-content-start\" rel=\"noopener\"><span class=\"d-flex flex-wrap align-items-center justify-content-center\"><svg width=\"12\" height=\"16\" viewBox=\"0 0 12 16\" fill=\"none\" xmlns=\"http:\/\/www.w3.org\/2000\/svg\"><path d=\"M5.38338 15.6772C0.842813 9.09472 0 8.41915 0 6C0 2.68628 2.68628 0 6 0C9.31372 0 12 2.68628 12 6C12 8.41915 11.1572 9.09472 6.61662 15.6772C6.31866 16.1076 5.68131 16.1076 5.38338 15.6772ZM6 8.5C7.38072 8.5 8.5 7.38072 8.5 6C8.5 4.61928 7.38072 3.5 6 3.5C4.61928 3.5 3.5 4.61928 3.5 6C3.5 7.38072 4.61928 8.5 6 8.5Z\" fill=\"var(--primary-color)\"\/><\/svg><\/span><span class=\"d-block\">Jaani tn 4 Tartu, Tartu Tartumaa 51007<\/span><\/a><\/div><div class=\"contact-method text-center\"><a href=\"mailto:\" class=\"d-inline-flex flex-column align-items-center justify-content-start\"><span class=\"d-flex flex-wrap align-items-center justify-content-center\"><svg width=\"22\" height=\"16\" viewBox=\"0 0 22 16\" fill=\"none\" xmlns=\"http:\/\/www.w3.org\/2000\/svg\"><path d=\"M21.5832 5.28333C21.7508 5.15417 22 5.275 22 5.47917V14C22 15.1042 21.0762 16 19.9375 16H2.0625C0.923828 16 0 15.1042 0 14V5.48333C0 5.275 0.244922 5.15833 0.416797 5.2875C1.3793 6.0125 2.65547 6.93333 7.03828 10.0208C7.94492 10.6625 9.47461 12.0125 11 12.0042C12.534 12.0167 14.0937 10.6375 14.966 10.0208C19.3488 6.93333 20.6207 6.00833 21.5832 5.28333ZM11 10.6667C11.9969 10.6833 13.432 9.45 14.1539 8.94167C19.8559 4.92917 20.2898 4.57917 21.6047 3.57917C21.8539 3.39167 22 3.1 22 2.79167V2C22 0.895833 21.0762 0 19.9375 0H2.0625C0.923828 0 0 0.895833 0 2V2.79167C0 3.1 0.146094 3.3875 0.395312 3.57917C1.71016 4.575 2.14414 4.92917 7.84609 8.94167C8.56797 9.45 10.0031 10.6833 11 10.6667Z\" fill=\"var(--primary-color)\"\/><\/svg><\/span><span class=\"d-block\"><\/span><\/a><\/div><\/div>","protected":false},"excerpt":{"rendered":"<p>K\u00fcsija suu pihta ei l\u00f6\u00f6da Vastame ka teie k\u00f5nedele ja meilidele<\/p>\n","protected":false},"author":1,"featured_media":0,"parent":0,"menu_order":50,"comment_status":"closed","ping_status":"closed","template":"","meta":{"_acf_changed":false,"inline_featured_image":false,"footnotes":""},"class_list":["post-206","page","type-page","status-publish","hentry"],"acf":[],"_links":{"self":[{"href":"https:\/\/tamperemaja.ee\/majutus\/wp-json\/wp\/v2\/pages\/206"}],"collection":[{"href":"https:\/\/tamperemaja.ee\/majutus\/wp-json\/wp\/v2\/pages"}],"about":[{"href":"https:\/\/tamperemaja.ee\/majutus\/wp-json\/wp\/v2\/types\/page"}],"author":[{"embeddable":true,"href":"https:\/\/tamperemaja.ee\/majutus\/wp-json\/wp\/v2\/users\/1"}],"replies":[{"embeddable":true,"href":"https:\/\/tamperemaja.ee\/majutus\/wp-json\/wp\/v2\/comments?post=206"}],"version-history":[{"count":11,"href":"https:\/\/tamperemaja.ee\/majutus\/wp-json\/wp\/v2\/pages\/206\/revisions"}],"predecessor-version":[{"id":1006,"href":"https:\/\/tamperemaja.ee\/majutus\/wp-json\/wp\/v2\/pages\/206\/revisions\/1006"}],"wp:attachment":[{"href":"https:\/\/tamperemaja.ee\/majutus\/wp-json\/wp\/v2\/media?parent=206"}],"curies":[{"name":"wp","href":"https:\/\/api.w.org\/{rel}","templated":true}]}}