{"id":194,"date":"2022-03-14T11:06:11","date_gmt":"2022-03-14T11:06:11","guid":{"rendered":"https:\/\/www.tamperemaja.ee\/majutus\/?page_id=194"},"modified":"2022-05-16T04:57:06","modified_gmt":"2022-05-16T04:57:06","slug":"meist","status":"publish","type":"page","link":"https:\/\/tamperemaja.ee\/majutus\/meist\/","title":{"rendered":"Tampere maja lugu"},"content":{"rendered":"\n<figure class=\"wp-block-image size-hero-xxl\"><img loading=\"lazy\" decoding=\"async\" width=\"1408\" height=\"416\" src=\"https:\/\/tamperemaja.ee\/majutus\/wp-content\/uploads\/sites\/3\/2022\/03\/majutus-banner-1408x416.png\" alt=\"\" class=\"wp-image-94\"\/><\/figure>\n\n\n\n<h2 class=\"has-text-align-center has-large-font-size wp-el wp-block-heading\"><strong>Algusaastad<\/strong><\/h2>\n\n\n\n<p class=\"has-text-align-center wp-el\">Tartu linna krundil nr 59 asunud vanemate ehitiste kohta ei ole palju teada. Teatakse, et <strong>pastor Pegius<\/strong> ehitas sellele kohale p\u00e4rast 1667. aasta suurt tulekahju uue maja. P\u00f5hjas\u00f5jas maja siiski h\u00e4vines ning veel 1730ndate aastate revisjonis ei olnud krundil muud kui Pegiuse ehitatud kivimaja varemed. J\u00e4rgmine omanik, postisell Carl Joachim Reisenstein, ehitas krundi kaguserva t\u00e4nava \u00e4\u00e4rde v\u00e4ikese puit\u00admaja, kus oli kaks tuba ja p\u00f6\u00f6ning. Reisensteini ehitatud maja on prae\u00adguse Tampere Maja n\u00e4itusesaali-poolne, kitsam ja madalam osa. P\u00e4rast Reisensteini vahetas maja mitu korda omanikku, kuni 1764. aastal ostis selle leskproua <strong>Anna Margaretha Hannemann<\/strong>.<\/p>\n\n\n<div class=\"single-el el-line__decal\"><svg width=\"40\" height=\"40\" viewBox=\"0 0 40 40\" fill=\"none\" xmlns=\"http:\/\/www.w3.org\/2000\/svg\"><path d=\"M20 33.8787L16.2028 30.0815C11.3213 25.2 11.3213 17.2854 16.2028 12.4039L20 8.6067L23.7972 12.4039C28.6787 17.2854 28.6787 25.2 23.7972 30.0815L20 33.8787Z\" stroke=\"var(--primary-color)\" stroke-width=\"3\"\/><mask id=\"symbol-mask\" fill=\"white\"><path d=\"M11 25C7.68629 25 5 22.3137 5 19L5 15L13.5 15L13.5 25L11 25Z\"\/><\/mask><path d=\"M5 15L5 12L2 12L2 15L5 15ZM13.5 15L16.5 15L16.5 12L13.5 12L13.5 15ZM13.5 25L13.5 28L16.5 28L16.5 25L13.5 25ZM8 19L8 15L2 15L2 19L8 19ZM5 18L13.5 18L13.5 12L5 12L5 18ZM10.5 15L10.5 25L16.5 25L16.5 15L10.5 15ZM13.5 22L11 22L11 28L13.5 28L13.5 22ZM2 19C2 23.9706 6.02944 28 11 28L11 22C9.34315 22 8 20.6569 8 19L2 19Z\" fill=\"var(--primary-color)\" mask=\"url(#symbol-mask)\"\/><mask id=\"symbol-mask2\" fill=\"white\"><path d=\"M29 25C32.3137 25 35 22.3137 35 19L35 15L26.5 15L26.5 25L29 25Z\"\/><\/mask><path d=\"M35 15L35 12L38 12L38 15L35 15ZM26.5 15L23.5 15L23.5 12L26.5 12L26.5 15ZM26.5 25L26.5 28L23.5 28L23.5 25L26.5 25ZM32 19L32 15L38 15L38 19L32 19ZM35 18L26.5 18L26.5 12L35 12L35 18ZM29.5 15L29.5 25L23.5 25L23.5 15L29.5 15ZM26.5 22L29 22L29 28L26.5 28L26.5 22ZM38 19C38 23.9706 33.9706 28 29 28L29 22C30.6569 22 32 20.6569 32 19L38 19Z\" fill=\"var(--primary-color)\" mask=\"url(#symbol-mask2)\"\/><\/svg><\/div>\n\n\n<h2 class=\"has-text-align-center has-large-font-size wp-el wp-block-heading\"><strong>Leskproua Anna Margarethe aeg, k\u00f5rts keldris<\/strong><\/h2>\n\n\n\n<p class=\"has-text-align-center wp-el\">Proual oli majas tuba ja kamber, lisaks asus hoovis ka tall. Koos perenaisega elasid majas veel sulane ja teenijat\u00fcdruk. 1775. aasta suures tulekahjus p\u00f5les suurem osa linnast maha, aga krundil nr 59 olevad hooned j\u00e4id alles. Anna Margaretha uus abikaasa <strong>Nicolai Chris\u00adtian Franzius<\/strong> hakkas linna \u00fclesehitamise perioodil oma maja laiendama. Franzius ehitas majale juurde laiema ja k\u00f5rgema osa. N\u00f5nda sai ehitis oma praeguseni s\u00e4ilinud m\u00f5\u00f5tmed. Majas oli kokku k\u00fcmme tuba ja kaks ahju. P\u00e4rast mehe surma hakkas lesk Anna Margaretha oma suure maja keldris k\u00f5rtsi pidama. K\u00f5rts asus maja vanema osa kahes keldriruumis, praeguse galerii all. Leskproua m\u00fc\u00fcs kogu kinnistu 1807. aastal \u00e4ra, ning l\u00f5puks l\u00e4ks see Kraackide kaupmehe\u00adsuguv\u00f5sa omandusse.<\/p>\n\n\n<div class=\"single-el el-line__decal\"><svg width=\"40\" height=\"40\" viewBox=\"0 0 40 40\" fill=\"none\" xmlns=\"http:\/\/www.w3.org\/2000\/svg\"><path d=\"M20 33.8787L16.2028 30.0815C11.3213 25.2 11.3213 17.2854 16.2028 12.4039L20 8.6067L23.7972 12.4039C28.6787 17.2854 28.6787 25.2 23.7972 30.0815L20 33.8787Z\" stroke=\"var(--primary-color)\" stroke-width=\"3\"\/><mask id=\"symbol-mask\" fill=\"white\"><path d=\"M11 25C7.68629 25 5 22.3137 5 19L5 15L13.5 15L13.5 25L11 25Z\"\/><\/mask><path d=\"M5 15L5 12L2 12L2 15L5 15ZM13.5 15L16.5 15L16.5 12L13.5 12L13.5 15ZM13.5 25L13.5 28L16.5 28L16.5 25L13.5 25ZM8 19L8 15L2 15L2 19L8 19ZM5 18L13.5 18L13.5 12L5 12L5 18ZM10.5 15L10.5 25L16.5 25L16.5 15L10.5 15ZM13.5 22L11 22L11 28L13.5 28L13.5 22ZM2 19C2 23.9706 6.02944 28 11 28L11 22C9.34315 22 8 20.6569 8 19L2 19Z\" fill=\"var(--primary-color)\" mask=\"url(#symbol-mask)\"\/><mask id=\"symbol-mask2\" fill=\"white\"><path d=\"M29 25C32.3137 25 35 22.3137 35 19L35 15L26.5 15L26.5 25L29 25Z\"\/><\/mask><path d=\"M35 15L35 12L38 12L38 15L35 15ZM26.5 15L23.5 15L23.5 12L26.5 12L26.5 15ZM26.5 25L26.5 28L23.5 28L23.5 25L26.5 25ZM32 19L32 15L38 15L38 19L32 19ZM35 18L26.5 18L26.5 12L35 12L35 18ZM29.5 15L29.5 25L23.5 25L23.5 15L29.5 15ZM26.5 22L29 22L29 28L26.5 28L26.5 22ZM38 19C38 23.9706 33.9706 28 29 28L29 22C30.6569 22 32 20.6569 32 19L38 19Z\" fill=\"var(--primary-color)\" mask=\"url(#symbol-mask2)\"\/><\/svg><\/div>\n\n\n<p class=\"has-text-align-center has-large-font-size wp-el\"><strong>Kraackide aeg<\/strong><\/p>\n\n\n\n<p class=\"has-text-align-center wp-el\">Ka Kraackide ajal t\u00f6\u00f6tas keldris k\u00f5rts. 1851. aasta elanike loenduse andmetel elas majas leskproua <strong>Kraack<\/strong> koos oma 33- ja 26-aastase t\u00fctrega, \u00fc\u00fcrnike hulka kuulusid Viljandist p\u00e4rit \u00f5uen\u00f5uniku lesk M. von Fuss oma kahe t\u00fctrega, 4 \u00fcli\u00f5pilast, 6 p\u00e4evat\u00f6\u00f6list naiste ja lastega ning kaks teenijat\u00fcdrukut. Majas oli 7 ahju. Hoovis asus kaks osaliselt kivist, osaliselt puust k\u00f5rvalhoonet, puukuur ja tall koos vankrikuuriga. Krundi p\u00f5hjanurgas oli kaev. 1869. aastal m\u00fc\u00fcsid Kraacki p\u00e4rijad krundi koos rajatistega parun Ernst von Nolckenile. P\u00e4rast paruni surma ehitas leskproua 1903. aastal maja uuema osa keldrisse piimapoe. Nendes ruumides tegutseb praegu Tampere Maja keldriklubi. 1911. aastal ehitati krundi tagaossa uhke juugendstiilis tall koos t\u00f5llakuuriga.<\/p>\n\n\n<div class=\"single-el el-line__decal\"><svg width=\"40\" height=\"40\" viewBox=\"0 0 40 40\" fill=\"none\" xmlns=\"http:\/\/www.w3.org\/2000\/svg\"><path d=\"M20 33.8787L16.2028 30.0815C11.3213 25.2 11.3213 17.2854 16.2028 12.4039L20 8.6067L23.7972 12.4039C28.6787 17.2854 28.6787 25.2 23.7972 30.0815L20 33.8787Z\" stroke=\"var(--primary-color)\" stroke-width=\"3\"\/><mask id=\"symbol-mask\" fill=\"white\"><path d=\"M11 25C7.68629 25 5 22.3137 5 19L5 15L13.5 15L13.5 25L11 25Z\"\/><\/mask><path d=\"M5 15L5 12L2 12L2 15L5 15ZM13.5 15L16.5 15L16.5 12L13.5 12L13.5 15ZM13.5 25L13.5 28L16.5 28L16.5 25L13.5 25ZM8 19L8 15L2 15L2 19L8 19ZM5 18L13.5 18L13.5 12L5 12L5 18ZM10.5 15L10.5 25L16.5 25L16.5 15L10.5 15ZM13.5 22L11 22L11 28L13.5 28L13.5 22ZM2 19C2 23.9706 6.02944 28 11 28L11 22C9.34315 22 8 20.6569 8 19L2 19Z\" fill=\"var(--primary-color)\" mask=\"url(#symbol-mask)\"\/><mask id=\"symbol-mask2\" fill=\"white\"><path d=\"M29 25C32.3137 25 35 22.3137 35 19L35 15L26.5 15L26.5 25L29 25Z\"\/><\/mask><path d=\"M35 15L35 12L38 12L38 15L35 15ZM26.5 15L23.5 15L23.5 12L26.5 12L26.5 15ZM26.5 25L26.5 28L23.5 28L23.5 25L26.5 25ZM32 19L32 15L38 15L38 19L32 19ZM35 18L26.5 18L26.5 12L35 12L35 18ZM29.5 15L29.5 25L23.5 25L23.5 15L29.5 15ZM26.5 22L29 22L29 28L26.5 28L26.5 22ZM38 19C38 23.9706 33.9706 28 29 28L29 22C30.6569 22 32 20.6569 32 19L38 19Z\" fill=\"var(--primary-color)\" mask=\"url(#symbol-mask2)\"\/><\/svg><\/div>\n\n\n<h2 class=\"has-text-align-center has-large-font-size wp-el wp-block-heading\"><strong>Parun Nolkede ajast n\u00f5ukogude ajani<\/strong><\/h2>\n\n\n\n<p class=\"has-text-align-center wp-el\">Kinnistu viimaseks eraomanikuks oli <strong>Eleonore von Ungern-Sternberg<\/strong>. N\u00f5ukogude ajal maja natsionaliseeriti. Hoone jagati 12 v\u00e4ikeseks korteriks.<br>N\u00f5ukogude aja l\u00f5pul, 1988. aastal alustas maja keldris tegevust \u00fcks Tartu esimesi erakauplusi \u2013 nahkesemete pood \u201eMaie\u201c.<\/p>\n\n\n<div class=\"single-el el-line__decal\"><svg width=\"40\" height=\"40\" viewBox=\"0 0 40 40\" fill=\"none\" xmlns=\"http:\/\/www.w3.org\/2000\/svg\"><path d=\"M20 33.8787L16.2028 30.0815C11.3213 25.2 11.3213 17.2854 16.2028 12.4039L20 8.6067L23.7972 12.4039C28.6787 17.2854 28.6787 25.2 23.7972 30.0815L20 33.8787Z\" stroke=\"var(--primary-color)\" stroke-width=\"3\"\/><mask id=\"symbol-mask\" fill=\"white\"><path d=\"M11 25C7.68629 25 5 22.3137 5 19L5 15L13.5 15L13.5 25L11 25Z\"\/><\/mask><path d=\"M5 15L5 12L2 12L2 15L5 15ZM13.5 15L16.5 15L16.5 12L13.5 12L13.5 15ZM13.5 25L13.5 28L16.5 28L16.5 25L13.5 25ZM8 19L8 15L2 15L2 19L8 19ZM5 18L13.5 18L13.5 12L5 12L5 18ZM10.5 15L10.5 25L16.5 25L16.5 15L10.5 15ZM13.5 22L11 22L11 28L13.5 28L13.5 22ZM2 19C2 23.9706 6.02944 28 11 28L11 22C9.34315 22 8 20.6569 8 19L2 19Z\" fill=\"var(--primary-color)\" mask=\"url(#symbol-mask)\"\/><mask id=\"symbol-mask2\" fill=\"white\"><path d=\"M29 25C32.3137 25 35 22.3137 35 19L35 15L26.5 15L26.5 25L29 25Z\"\/><\/mask><path d=\"M35 15L35 12L38 12L38 15L35 15ZM26.5 15L23.5 15L23.5 12L26.5 12L26.5 15ZM26.5 25L26.5 28L23.5 28L23.5 25L26.5 25ZM32 19L32 15L38 15L38 19L32 19ZM35 18L26.5 18L26.5 12L35 12L35 18ZM29.5 15L29.5 25L23.5 25L23.5 15L29.5 15ZM26.5 22L29 22L29 28L26.5 28L26.5 22ZM38 19C38 23.9706 33.9706 28 29 28L29 22C30.6569 22 32 20.6569 32 19L38 19Z\" fill=\"var(--primary-color)\" mask=\"url(#symbol-mask2)\"\/><\/svg><\/div>","protected":false},"excerpt":{"rendered":"<p>Algusaastad Tartu linna krundil nr 59 asunud vanemate ehitiste kohta ei ole palju teada. Teatakse, et pastor Pegius ehitas sellele&#8230;<\/p>\n","protected":false},"author":1,"featured_media":0,"parent":0,"menu_order":40,"comment_status":"closed","ping_status":"closed","template":"","meta":{"_acf_changed":false,"inline_featured_image":false,"footnotes":""},"class_list":["post-194","page","type-page","status-publish","hentry"],"acf":[],"_links":{"self":[{"href":"https:\/\/tamperemaja.ee\/majutus\/wp-json\/wp\/v2\/pages\/194"}],"collection":[{"href":"https:\/\/tamperemaja.ee\/majutus\/wp-json\/wp\/v2\/pages"}],"about":[{"href":"https:\/\/tamperemaja.ee\/majutus\/wp-json\/wp\/v2\/types\/page"}],"author":[{"embeddable":true,"href":"https:\/\/tamperemaja.ee\/majutus\/wp-json\/wp\/v2\/users\/1"}],"replies":[{"embeddable":true,"href":"https:\/\/tamperemaja.ee\/majutus\/wp-json\/wp\/v2\/comments?post=194"}],"version-history":[{"count":7,"href":"https:\/\/tamperemaja.ee\/majutus\/wp-json\/wp\/v2\/pages\/194\/revisions"}],"predecessor-version":[{"id":738,"href":"https:\/\/tamperemaja.ee\/majutus\/wp-json\/wp\/v2\/pages\/194\/revisions\/738"}],"wp:attachment":[{"href":"https:\/\/tamperemaja.ee\/majutus\/wp-json\/wp\/v2\/media?parent=194"}],"curies":[{"name":"wp","href":"https:\/\/api.w.org\/{rel}","templated":true}]}}