{"id":613,"date":"2022-03-14T11:06:11","date_gmt":"2022-03-14T11:06:11","guid":{"rendered":"https:\/\/www.tamperemaja.ee\/majutus\/tampere-talon-tarina\/"},"modified":"2022-05-16T04:59:19","modified_gmt":"2022-05-16T04:59:19","slug":"tampere-talon-tarina","status":"publish","type":"page","link":"https:\/\/tamperemaja.ee\/majutus\/fi\/tampere-talon-tarina\/","title":{"rendered":"Tampere-talon tarina"},"content":{"rendered":"\n<figure class=\"wp-block-image size-hero-xxl\"><img loading=\"lazy\" decoding=\"async\" width=\"1408\" height=\"416\" src=\"https:\/\/tamperemaja.ee\/majutus\/wp-content\/uploads\/sites\/3\/2022\/03\/majutus-banner-1408x416.png\" alt=\"\" class=\"wp-image-94\"\/><\/figure>\n\n\n\n<h2 class=\"has-text-align-center has-large-font-size wp-el wp-block-heading\"><strong>Alkuvuosina<\/strong><\/h2>\n\n\n\n<p class=\"has-text-align-center wp-el\">Tarton kaupungin tontilla 59 olevista vanhemmista rakennuksista ei tiedet\u00e4 paljoa. Tiedet\u00e4\u00e4n, ett\u00e4 <strong>pastori Pegius<\/strong>rakensi paikalle uuden talon vuoden 1667 suuren tulipalon j\u00e4lkeen. Suuressa Pohjan sodassa talo kuitenkin tuhoutui, ja 1730-luvun tarkistukseen asti tontilla ei ollut muuta kuin Pegiuksen rakentaman kivitalon rauniot. Seuraava omistaja Carl Joachim Reisenstein rakensi tontin kaakkoisreunalle pienen puutalon, jossa oli kaksi huonetta ja ullakko. Reisensteinin rakentama talo on nykyisen Tampere-talon n\u00e4yttelyhallin kapeampi ja alempi osa. Reisensteinin j\u00e4lkeen talo vaihtoi omistajaa useita kertoja, kunnes vuonna 1764 sen osti leski <strong>Anna Margaretha Hannemann<\/strong>.       <\/p>\n\n\n<div class=\"single-el el-line__decal\"><svg width=\"40\" height=\"40\" viewBox=\"0 0 40 40\" fill=\"none\" xmlns=\"http:\/\/www.w3.org\/2000\/svg\"><path d=\"M20 33.8787L16.2028 30.0815C11.3213 25.2 11.3213 17.2854 16.2028 12.4039L20 8.6067L23.7972 12.4039C28.6787 17.2854 28.6787 25.2 23.7972 30.0815L20 33.8787Z\" stroke=\"var(--primary-color)\" stroke-width=\"3\"\/><mask id=\"symbol-mask\" fill=\"white\"><path d=\"M11 25C7.68629 25 5 22.3137 5 19L5 15L13.5 15L13.5 25L11 25Z\"\/><\/mask><path d=\"M5 15L5 12L2 12L2 15L5 15ZM13.5 15L16.5 15L16.5 12L13.5 12L13.5 15ZM13.5 25L13.5 28L16.5 28L16.5 25L13.5 25ZM8 19L8 15L2 15L2 19L8 19ZM5 18L13.5 18L13.5 12L5 12L5 18ZM10.5 15L10.5 25L16.5 25L16.5 15L10.5 15ZM13.5 22L11 22L11 28L13.5 28L13.5 22ZM2 19C2 23.9706 6.02944 28 11 28L11 22C9.34315 22 8 20.6569 8 19L2 19Z\" fill=\"var(--primary-color)\" mask=\"url(#symbol-mask)\"\/><mask id=\"symbol-mask2\" fill=\"white\"><path d=\"M29 25C32.3137 25 35 22.3137 35 19L35 15L26.5 15L26.5 25L29 25Z\"\/><\/mask><path d=\"M35 15L35 12L38 12L38 15L35 15ZM26.5 15L23.5 15L23.5 12L26.5 12L26.5 15ZM26.5 25L26.5 28L23.5 28L23.5 25L26.5 25ZM32 19L32 15L38 15L38 19L32 19ZM35 18L26.5 18L26.5 12L35 12L35 18ZM29.5 15L29.5 25L23.5 25L23.5 15L29.5 15ZM26.5 22L29 22L29 28L26.5 28L26.5 22ZM38 19C38 23.9706 33.9706 28 29 28L29 22C30.6569 22 32 20.6569 32 19L38 19Z\" fill=\"var(--primary-color)\" mask=\"url(#symbol-mask2)\"\/><\/svg><\/div>\n\n\n<h2 class=\"has-text-align-center has-large-font-size wp-el wp-block-heading\"><strong>Lesken Anna Margarethen aika, taverna kellarissa<\/strong><\/h2>\n\n\n\n<p class=\"has-text-align-center wp-el\">Proualla oli talossa huone ja huone, ja pihalla oli my\u00f6s talli. Talossa em\u00e4nn\u00e4n kanssa asuivat my\u00f6s palvelija ja piika. Vuoden 1775 suuressa tulipalossa suurin osa kaupungista paloi, mutta tontin 59 rakennukset s\u00e4ilyiv\u00e4t. Anna Margarethan uusi vaimo <strong>Nicolai Christian Franzius<\/strong> alkoi laajentaa taloaan kaupungin j\u00e4lleenrakennuksen aikana. Franzius rakensi talosta leve\u00e4mm\u00e4n ja korkeamman osan. T\u00e4ll\u00e4 tavalla rakennus s\u00e4ilytti nykyiset mitat. Talossa oli yhteens\u00e4 kymmenen huonetta ja kaksi uunia. Aviomiehens\u00e4 kuoleman j\u00e4lkeen leski Anna Margaretha perusti majatalon suuren talonsa kellariin. Majatalo sijaitsi kahdessa kellarissa talon vanhemmassa osassa, nykyisen gallerian alla. Leski myi koko kiinteist\u00f6n vuonna 1807, ja siit\u00e4 tuli lopulta Kraack-kauppiassuvun omaisuutta.           <\/p>\n\n\n<div class=\"single-el el-line__decal\"><svg width=\"40\" height=\"40\" viewBox=\"0 0 40 40\" fill=\"none\" xmlns=\"http:\/\/www.w3.org\/2000\/svg\"><path d=\"M20 33.8787L16.2028 30.0815C11.3213 25.2 11.3213 17.2854 16.2028 12.4039L20 8.6067L23.7972 12.4039C28.6787 17.2854 28.6787 25.2 23.7972 30.0815L20 33.8787Z\" stroke=\"var(--primary-color)\" stroke-width=\"3\"\/><mask id=\"symbol-mask\" fill=\"white\"><path d=\"M11 25C7.68629 25 5 22.3137 5 19L5 15L13.5 15L13.5 25L11 25Z\"\/><\/mask><path d=\"M5 15L5 12L2 12L2 15L5 15ZM13.5 15L16.5 15L16.5 12L13.5 12L13.5 15ZM13.5 25L13.5 28L16.5 28L16.5 25L13.5 25ZM8 19L8 15L2 15L2 19L8 19ZM5 18L13.5 18L13.5 12L5 12L5 18ZM10.5 15L10.5 25L16.5 25L16.5 15L10.5 15ZM13.5 22L11 22L11 28L13.5 28L13.5 22ZM2 19C2 23.9706 6.02944 28 11 28L11 22C9.34315 22 8 20.6569 8 19L2 19Z\" fill=\"var(--primary-color)\" mask=\"url(#symbol-mask)\"\/><mask id=\"symbol-mask2\" fill=\"white\"><path d=\"M29 25C32.3137 25 35 22.3137 35 19L35 15L26.5 15L26.5 25L29 25Z\"\/><\/mask><path d=\"M35 15L35 12L38 12L38 15L35 15ZM26.5 15L23.5 15L23.5 12L26.5 12L26.5 15ZM26.5 25L26.5 28L23.5 28L23.5 25L26.5 25ZM32 19L32 15L38 15L38 19L32 19ZM35 18L26.5 18L26.5 12L35 12L35 18ZM29.5 15L29.5 25L23.5 25L23.5 15L29.5 15ZM26.5 22L29 22L29 28L26.5 28L26.5 22ZM38 19C38 23.9706 33.9706 28 29 28L29 22C30.6569 22 32 20.6569 32 19L38 19Z\" fill=\"var(--primary-color)\" mask=\"url(#symbol-mask2)\"\/><\/svg><\/div>\n\n\n<p class=\"has-text-align-center has-large-font-size wp-el\"><strong>Kraackien aika<\/strong><\/p>\n\n\n\n<p class=\"has-text-align-center wp-el\">Kellarissa oli my\u00f6s taverna Kraackien aikana. Talossa asui vuoden 1851 v\u00e4est\u00f6nlaskennan mukaan leski <strong>Kraack<\/strong> 33- ja 26-vuotiaan tytt\u00e4rens\u00e4 kanssa ja vuokralaisina Viljandista kotoisin olevan ulkoneuvojan leski M. von Fuss kahden tytt\u00e4rens\u00e4, 4 opiskelijan, kanssa. 6 p\u00e4iv\u00e4ty\u00f6l\u00e4ist\u00e4 naisten ja lasten kanssa ja kaksi piikaa. Talossa oli 7 uunia. Pihalla oli kaksi osittain kivist\u00e4, osittain puista ulkorakennusta, puunavetta ja talli vaunuvaja kanssa. Tontin pohjoiskulmassa oli kaivo. Vuonna 1869 Kraackin perilliset myiv\u00e4t maan ja tilat paroni Ernst von Nolckenille. Paronin kuoleman j\u00e4lkeen leski rakensi vuonna 1903 talon uudemman osan kellariin meijeriliikkeen. N\u00e4iss\u00e4 tiloissa toimii t\u00e4ll\u00e4 hetkell\u00e4 Tampere-talon kellarikerho. Vuonna 1911 tontin takaosaan rakennettiin upea jugendtalli, jossa oli aita.            <\/p>\n\n\n<div class=\"single-el el-line__decal\"><svg width=\"40\" height=\"40\" viewBox=\"0 0 40 40\" fill=\"none\" xmlns=\"http:\/\/www.w3.org\/2000\/svg\"><path d=\"M20 33.8787L16.2028 30.0815C11.3213 25.2 11.3213 17.2854 16.2028 12.4039L20 8.6067L23.7972 12.4039C28.6787 17.2854 28.6787 25.2 23.7972 30.0815L20 33.8787Z\" stroke=\"var(--primary-color)\" stroke-width=\"3\"\/><mask id=\"symbol-mask\" fill=\"white\"><path d=\"M11 25C7.68629 25 5 22.3137 5 19L5 15L13.5 15L13.5 25L11 25Z\"\/><\/mask><path d=\"M5 15L5 12L2 12L2 15L5 15ZM13.5 15L16.5 15L16.5 12L13.5 12L13.5 15ZM13.5 25L13.5 28L16.5 28L16.5 25L13.5 25ZM8 19L8 15L2 15L2 19L8 19ZM5 18L13.5 18L13.5 12L5 12L5 18ZM10.5 15L10.5 25L16.5 25L16.5 15L10.5 15ZM13.5 22L11 22L11 28L13.5 28L13.5 22ZM2 19C2 23.9706 6.02944 28 11 28L11 22C9.34315 22 8 20.6569 8 19L2 19Z\" fill=\"var(--primary-color)\" mask=\"url(#symbol-mask)\"\/><mask id=\"symbol-mask2\" fill=\"white\"><path d=\"M29 25C32.3137 25 35 22.3137 35 19L35 15L26.5 15L26.5 25L29 25Z\"\/><\/mask><path d=\"M35 15L35 12L38 12L38 15L35 15ZM26.5 15L23.5 15L23.5 12L26.5 12L26.5 15ZM26.5 25L26.5 28L23.5 28L23.5 25L26.5 25ZM32 19L32 15L38 15L38 19L32 19ZM35 18L26.5 18L26.5 12L35 12L35 18ZM29.5 15L29.5 25L23.5 25L23.5 15L29.5 15ZM26.5 22L29 22L29 28L26.5 28L26.5 22ZM38 19C38 23.9706 33.9706 28 29 28L29 22C30.6569 22 32 20.6569 32 19L38 19Z\" fill=\"var(--primary-color)\" mask=\"url(#symbol-mask2)\"\/><\/svg><\/div>\n\n\n<h2 class=\"has-text-align-center has-large-font-size wp-el wp-block-heading\"><strong>Paroni Nolkedista neuvostoaikaan<\/strong><\/h2>\n\n\n\n<p class=\"has-text-align-center wp-el\">Kiinteist\u00f6n viimeinen yksityinen omistaja oli <strong>Eleonore von Ungern-Sternberg<\/strong>. Neuvostoliiton aikana talo kansallistettiin. Rakennus jaettiin 12 pieneen asuntoon.  <br>Neuvostoajan lopulla, vuonna 1988, avattiin talon kellariin yksi Tarton ensimm\u00e4isist\u00e4 yksityisist\u00e4 liikkeist\u00e4 &#8211; nahkatavarakauppa &#8221;Maie&#8221;. <\/p>\n\n\n<div class=\"single-el el-line__decal\"><svg width=\"40\" height=\"40\" viewBox=\"0 0 40 40\" fill=\"none\" xmlns=\"http:\/\/www.w3.org\/2000\/svg\"><path d=\"M20 33.8787L16.2028 30.0815C11.3213 25.2 11.3213 17.2854 16.2028 12.4039L20 8.6067L23.7972 12.4039C28.6787 17.2854 28.6787 25.2 23.7972 30.0815L20 33.8787Z\" stroke=\"var(--primary-color)\" stroke-width=\"3\"\/><mask id=\"symbol-mask\" fill=\"white\"><path d=\"M11 25C7.68629 25 5 22.3137 5 19L5 15L13.5 15L13.5 25L11 25Z\"\/><\/mask><path d=\"M5 15L5 12L2 12L2 15L5 15ZM13.5 15L16.5 15L16.5 12L13.5 12L13.5 15ZM13.5 25L13.5 28L16.5 28L16.5 25L13.5 25ZM8 19L8 15L2 15L2 19L8 19ZM5 18L13.5 18L13.5 12L5 12L5 18ZM10.5 15L10.5 25L16.5 25L16.5 15L10.5 15ZM13.5 22L11 22L11 28L13.5 28L13.5 22ZM2 19C2 23.9706 6.02944 28 11 28L11 22C9.34315 22 8 20.6569 8 19L2 19Z\" fill=\"var(--primary-color)\" mask=\"url(#symbol-mask)\"\/><mask id=\"symbol-mask2\" fill=\"white\"><path d=\"M29 25C32.3137 25 35 22.3137 35 19L35 15L26.5 15L26.5 25L29 25Z\"\/><\/mask><path d=\"M35 15L35 12L38 12L38 15L35 15ZM26.5 15L23.5 15L23.5 12L26.5 12L26.5 15ZM26.5 25L26.5 28L23.5 28L23.5 25L26.5 25ZM32 19L32 15L38 15L38 19L32 19ZM35 18L26.5 18L26.5 12L35 12L35 18ZM29.5 15L29.5 25L23.5 25L23.5 15L29.5 15ZM26.5 22L29 22L29 28L26.5 28L26.5 22ZM38 19C38 23.9706 33.9706 28 29 28L29 22C30.6569 22 32 20.6569 32 19L38 19Z\" fill=\"var(--primary-color)\" mask=\"url(#symbol-mask2)\"\/><\/svg><\/div>","protected":false},"excerpt":{"rendered":"<p>Alkuvuosina Tarton kaupungin tontilla 59 olevista vanhemmista rakennuksista ei tiedet\u00e4 paljoa. Tiedet\u00e4\u00e4n, ett\u00e4 pastori Pegiusrakensi paikalle uuden talon vuoden 1667&#8230;<\/p>\n","protected":false},"author":1,"featured_media":0,"parent":0,"menu_order":40,"comment_status":"closed","ping_status":"closed","template":"","meta":{"_acf_changed":false,"inline_featured_image":false,"footnotes":""},"class_list":["post-613","page","type-page","status-publish","hentry"],"acf":[],"_links":{"self":[{"href":"https:\/\/tamperemaja.ee\/majutus\/fi\/wp-json\/wp\/v2\/pages\/613"}],"collection":[{"href":"https:\/\/tamperemaja.ee\/majutus\/fi\/wp-json\/wp\/v2\/pages"}],"about":[{"href":"https:\/\/tamperemaja.ee\/majutus\/fi\/wp-json\/wp\/v2\/types\/page"}],"author":[{"embeddable":true,"href":"https:\/\/tamperemaja.ee\/majutus\/fi\/wp-json\/wp\/v2\/users\/1"}],"replies":[{"embeddable":true,"href":"https:\/\/tamperemaja.ee\/majutus\/fi\/wp-json\/wp\/v2\/comments?post=613"}],"version-history":[{"count":4,"href":"https:\/\/tamperemaja.ee\/majutus\/fi\/wp-json\/wp\/v2\/pages\/613\/revisions"}],"predecessor-version":[{"id":741,"href":"https:\/\/tamperemaja.ee\/majutus\/fi\/wp-json\/wp\/v2\/pages\/613\/revisions\/741"}],"wp:attachment":[{"href":"https:\/\/tamperemaja.ee\/majutus\/fi\/wp-json\/wp\/v2\/media?parent=613"}],"curies":[{"name":"wp","href":"https:\/\/api.w.org\/{rel}","templated":true}]}}