{"id":605,"date":"2022-03-11T12:31:30","date_gmt":"2022-03-11T12:31:30","guid":{"rendered":"https:\/\/www.tamperemaja.ee\/majutus\/haluamme-sinun-viihtyvan-tartossa\/"},"modified":"2022-05-10T08:13:59","modified_gmt":"2022-05-10T08:13:59","slug":"haluamme-sinun-viihtyvan-tartossa","status":"publish","type":"page","link":"https:\/\/tamperemaja.ee\/majutus\/fi\/haluamme-sinun-viihtyvan-tartossa\/","title":{"rendered":"Haluamme sinun viihtyv\u00e4n Tartossa"},"content":{"rendered":"\n<p class=\"has-text-align-center wp-el\">Tutustu palveluvalikoimaamme<\/p>\n\n\n<div id=\"acf-block_622b411a54b0a\" class=\"acf-block-element element-services layout_default\"><div class=\"element-inner\"><div id=\"service-630\" class=\"service-item\"><div class=\"service-item__icon d-flex flex-wrap align-items-center\"><img decoding=\"async\" src=\"https:\/\/tamperemaja.ee\/majutus\/wp-content\/uploads\/sites\/3\/2022\/03\/icon-seminar.svg\" alt=\"\" \/><\/div><div class=\"service-item__content d-flex flex-wrap align-items-center\"><p class=\"has-large-font-size font-weight-bold\">Seminaaritilat<\/p><div class=\"serv_desc\">Tampere-talon kellarissa on seminaaritila 40 hengelle. T\u00e4ss\u00e4 historiallisesti sisustetussa huoneessa on mahdollista j\u00e4rjest\u00e4\u00e4 erilaisia \u200b\u200btapahtumia &#8211; tapaamisia, syntym\u00e4p\u00e4ivi\u00e4, seminaareja jne. Seminaarihuoneessa on my\u00f6s keitti\u00f6, jossa voit valmistaa v\u00e4lipaloja ja keitt\u00e4\u00e4 kahvia tai teet\u00e4.\r\nViihtyis\u00e4ss\u00e4 kellarissa j\u00e4rjestet\u00e4\u00e4n kirjallisuus-iltamme ja konserttimme sek\u00e4 hernekeitto-iltamme, jotka Tartossa asuvat suomalaiset j\u00e4rjest\u00e4v\u00e4t joka kuukauden viimeisen\u00e4 tiistaina.<\/div><div class=\"wp-block-button\"><button type=\"button\" class=\"wp-block-button__link\" data-toggle=\"modal\" data-target=\"#serviceModal-630\">Katso hinnat<\/button><\/div><\/div><div class=\"modal fade\" id=\"serviceModal-630\" tabindex=\"-1\" aria-labelledby=\"serviceModal-630Label\" aria-hidden=\"true\"><div class=\"modal-dialog modal-service modal-dialog-centered modal-dialog-scrollable modal-xl\"><div class=\"modal-content\"><button type=\"button\" class=\"close\" data-dismiss=\"modal\" aria-label=\"Close\"><svg width=\"24\" height=\"24\" viewBox=\"0 0 24 24\" fill=\"none\" xmlns=\"http:\/\/www.w3.org\/2000\/svg\"><path fill-rule=\"evenodd\" clip-rule=\"evenodd\" d=\"M0.590729 20.5569C-0.19691 21.3445 -0.19691 22.6216 0.590729 23.4092C1.37837 24.1968 2.65538 24.1968 3.44302 23.4092L12.0002 14.8519L20.5575 23.4093C21.3452 24.1969 22.6222 24.1969 23.4098 23.4093C24.1975 22.6216 24.1975 21.3446 23.4098 20.557L14.8525 11.9996L23.4091 3.44304C24.1967 2.6554 24.1967 1.37838 23.4091 0.590733C22.6214 -0.19691 21.3444 -0.196911 20.5568 0.590731L12.0002 9.14733L3.44376 0.590805C2.65612 -0.196838 1.3791 -0.196838 0.591463 0.590805C-0.196176 1.37845 -0.196178 2.65547 0.591461 3.44311L9.14794 11.9996L0.590729 20.5569Z\" fill=\"var(--primary-color)\"\/><\/svg><\/button><div class=\"modal-body d-flex flex-wrap\"><div class=\"modal-body__content\"><p class=\"has-giant-font-size\">Seminaaritilat<\/p><div class=\"modal-info__row\"><p>Seminaaritilan vuokrauksen tuntihinta on 20 euroa.<\/p><\/div><\/div><div class=\"modal-body__img\"><img loading=\"lazy\" decoding=\"async\" width=\"896\" height=\"640\" src=\"https:\/\/tamperemaja.ee\/majutus\/wp-content\/uploads\/sites\/3\/fly-images\/559\/seminariruum-896x640-c.jpg\" class=\"attachment-896x640\" alt=\"seminariruum\" \/><\/div><\/div><\/div><\/div><\/div><\/div><div id=\"service-632\" class=\"service-item\"><div class=\"service-item__icon d-flex flex-wrap align-items-center\"><img decoding=\"async\" src=\"https:\/\/tamperemaja.ee\/majutus\/wp-content\/uploads\/sites\/3\/2022\/03\/icon-sauna.svg\" alt=\"\" \/><\/div><div class=\"service-item__content d-flex flex-wrap align-items-center\"><p class=\"has-large-font-size font-weight-bold\">Sauna<\/p><div class=\"serv_desc\">Tampere-talossa on mahdollista nauttia saunanautinnoista saunassa, jonka lavalla on tilaa noin 7 hengelle. Saunan yhteydess\u00e4 on takkahuone, jossa voi istua p\u00f6yd\u00e4n takana tai sohvalla. Saunatiloihin mahtuu kerrallaan noin 15 henkil\u00f6\u00e4.<\/div><div class=\"wp-block-button\"><button type=\"button\" class=\"wp-block-button__link\" data-toggle=\"modal\" data-target=\"#serviceModal-632\">Katso hinnat<\/button><\/div><\/div><div class=\"modal fade\" id=\"serviceModal-632\" tabindex=\"-1\" aria-labelledby=\"serviceModal-632Label\" aria-hidden=\"true\"><div class=\"modal-dialog modal-service modal-dialog-centered modal-dialog-scrollable modal-xl\"><div class=\"modal-content\"><button type=\"button\" class=\"close\" data-dismiss=\"modal\" aria-label=\"Close\"><svg width=\"24\" height=\"24\" viewBox=\"0 0 24 24\" fill=\"none\" xmlns=\"http:\/\/www.w3.org\/2000\/svg\"><path fill-rule=\"evenodd\" clip-rule=\"evenodd\" d=\"M0.590729 20.5569C-0.19691 21.3445 -0.19691 22.6216 0.590729 23.4092C1.37837 24.1968 2.65538 24.1968 3.44302 23.4092L12.0002 14.8519L20.5575 23.4093C21.3452 24.1969 22.6222 24.1969 23.4098 23.4093C24.1975 22.6216 24.1975 21.3446 23.4098 20.557L14.8525 11.9996L23.4091 3.44304C24.1967 2.6554 24.1967 1.37838 23.4091 0.590733C22.6214 -0.19691 21.3444 -0.196911 20.5568 0.590731L12.0002 9.14733L3.44376 0.590805C2.65612 -0.196838 1.3791 -0.196838 0.591463 0.590805C-0.196176 1.37845 -0.196178 2.65547 0.591461 3.44311L9.14794 11.9996L0.590729 20.5569Z\" fill=\"var(--primary-color)\"\/><\/svg><\/button><div class=\"modal-body d-flex flex-wrap\"><div class=\"modal-body__content\"><p class=\"has-giant-font-size\">Sauna<\/p><div class=\"modal-info__row\"><p>1-2 henkil\u00f6\u00e4 on 20 \u20ac \/ tunti joka seuraava tunti 10 \u20ac<\/p><\/div><div class=\"modal-info__row\"><p>3-4 henkil\u00f6\u00e4 on 25 \u20ac \/ tunti joka seuraava tunti 15 \u20ac<\/p><\/div><div class=\"modal-info__row\"><p>5-9 henkil\u00f6\u00e4 on 30 \u20ac\/tunti joka seuraava tunti 20 \u20ac<\/p><\/div><div class=\"modal-info__row\"><p>10-15 henkil\u00f6\u00e4 on 40 \u20ac\/tunti joka seuraava tunti 30 \u20ac<\/p><\/div><\/div><div class=\"modal-body__img\"><img loading=\"lazy\" decoding=\"async\" width=\"896\" height=\"640\" src=\"https:\/\/tamperemaja.ee\/majutus\/wp-content\/uploads\/sites\/3\/fly-images\/560\/saun-896x640-c.jpg\" class=\"attachment-896x640\" alt=\"saun\" \/><\/div><\/div><\/div><\/div><\/div><\/div><div id=\"service-634\" class=\"service-item\"><div class=\"service-item__icon d-flex flex-wrap align-items-center\"><img decoding=\"async\" src=\"https:\/\/tamperemaja.ee\/majutus\/wp-content\/uploads\/sites\/3\/2022\/03\/icon-bike.svg\" alt=\"\" \/><\/div><div class=\"service-item__content d-flex flex-wrap align-items-center\"><p class=\"has-large-font-size font-weight-bold\">Polkupy\u00f6r\u00e4n vuokraus<\/p><div class=\"serv_desc\">T\u00e4ll\u00e4 hetkell\u00e4 meill\u00e4 on kaksi kunnollista Helkama-kaupunkipy\u00f6r\u00e4\u00e4 &#8211; kolmivaihteinen ja seitsem\u00e4nvaihteinen.\nTarton kaupungin py\u00f6r\u00e4tiet kehittyv\u00e4t koko ajan. T\u00e4st\u00e4 linkist\u00e4 l\u00f6ytyy Tarton <a href=\"https:\/\/tartu.maps.arcgis.com\/apps\/webappviewer\/index.html?id=e462e23eeb8d42768d3937bdce42e583\" target=\"_blank\" rel=\"noopener\">kevytliikennetiet<\/a><\/div><div class=\"wp-block-button\"><button type=\"button\" class=\"wp-block-button__link\" data-toggle=\"modal\" data-target=\"#serviceModal-634\">Katso hinnat<\/button><\/div><\/div><div class=\"modal fade\" id=\"serviceModal-634\" tabindex=\"-1\" aria-labelledby=\"serviceModal-634Label\" aria-hidden=\"true\"><div class=\"modal-dialog modal-service modal-dialog-centered modal-dialog-scrollable modal-xl\"><div class=\"modal-content\"><button type=\"button\" class=\"close\" data-dismiss=\"modal\" aria-label=\"Close\"><svg width=\"24\" height=\"24\" viewBox=\"0 0 24 24\" fill=\"none\" xmlns=\"http:\/\/www.w3.org\/2000\/svg\"><path fill-rule=\"evenodd\" clip-rule=\"evenodd\" d=\"M0.590729 20.5569C-0.19691 21.3445 -0.19691 22.6216 0.590729 23.4092C1.37837 24.1968 2.65538 24.1968 3.44302 23.4092L12.0002 14.8519L20.5575 23.4093C21.3452 24.1969 22.6222 24.1969 23.4098 23.4093C24.1975 22.6216 24.1975 21.3446 23.4098 20.557L14.8525 11.9996L23.4091 3.44304C24.1967 2.6554 24.1967 1.37838 23.4091 0.590733C22.6214 -0.19691 21.3444 -0.196911 20.5568 0.590731L12.0002 9.14733L3.44376 0.590805C2.65612 -0.196838 1.3791 -0.196838 0.591463 0.590805C-0.196176 1.37845 -0.196178 2.65547 0.591461 3.44311L9.14794 11.9996L0.590729 20.5569Z\" fill=\"var(--primary-color)\"\/><\/svg><\/button><div class=\"modal-body d-flex flex-wrap\"><div class=\"modal-body__content\"><p class=\"has-giant-font-size\">Polkupy\u00f6r\u00e4n vuokraus<\/p><div class=\"modal-info__row\"><p>Tuntihinta on 2 \u20ac<\/p><\/div><div class=\"modal-info__row\"><p>P\u00e4iv\u00e4hinta 10\u20ac<\/p><\/div><div class=\"modal-info__row\"><p>Ilmainen meill\u00e4 majoittuville vieraille<\/p><p class=\"has-small-font-size\">Jos on vapaita py\u00f6ri\u00e4<\/p><\/div><\/div><div class=\"modal-body__img\"><img loading=\"lazy\" decoding=\"async\" width=\"896\" height=\"640\" src=\"https:\/\/tamperemaja.ee\/majutus\/wp-content\/uploads\/sites\/3\/fly-images\/481\/rattad-896x640-c.jpg\" class=\"attachment-896x640\" alt=\"rattad\" \/><\/div><\/div><\/div><\/div><\/div><\/div><\/div><\/div>","protected":false},"excerpt":{"rendered":"<p>Tutustu palveluvalikoimaamme<\/p>\n","protected":false},"author":1,"featured_media":0,"parent":0,"menu_order":30,"comment_status":"closed","ping_status":"closed","template":"","meta":{"_acf_changed":false,"inline_featured_image":false,"footnotes":""},"class_list":["post-605","page","type-page","status-publish","hentry"],"acf":[],"_links":{"self":[{"href":"https:\/\/tamperemaja.ee\/majutus\/fi\/wp-json\/wp\/v2\/pages\/605"}],"collection":[{"href":"https:\/\/tamperemaja.ee\/majutus\/fi\/wp-json\/wp\/v2\/pages"}],"about":[{"href":"https:\/\/tamperemaja.ee\/majutus\/fi\/wp-json\/wp\/v2\/types\/page"}],"author":[{"embeddable":true,"href":"https:\/\/tamperemaja.ee\/majutus\/fi\/wp-json\/wp\/v2\/users\/1"}],"replies":[{"embeddable":true,"href":"https:\/\/tamperemaja.ee\/majutus\/fi\/wp-json\/wp\/v2\/comments?post=605"}],"version-history":[{"count":9,"href":"https:\/\/tamperemaja.ee\/majutus\/fi\/wp-json\/wp\/v2\/pages\/605\/revisions"}],"predecessor-version":[{"id":728,"href":"https:\/\/tamperemaja.ee\/majutus\/fi\/wp-json\/wp\/v2\/pages\/605\/revisions\/728"}],"wp:attachment":[{"href":"https:\/\/tamperemaja.ee\/majutus\/fi\/wp-json\/wp\/v2\/media?parent=605"}],"curies":[{"name":"wp","href":"https:\/\/api.w.org\/{rel}","templated":true}]}}