{"id":42,"date":"2022-03-04T12:30:22","date_gmt":"2022-03-04T12:30:22","guid":{"rendered":"https:\/\/www.tamperemaja.ee\/kultuuriuritused\/?page_id=42"},"modified":"2022-03-11T14:43:12","modified_gmt":"2022-03-11T12:43:12","slug":"teenused","status":"publish","type":"page","link":"https:\/\/tamperemaja.ee\/kultuuriuritused\/teenused\/","title":{"rendered":"Soovime, et Tartus olemine oleks Teile mugav"},"content":{"rendered":"\n<p class=\"has-text-align-center wp-el\">Tutvu meie teenusevalikuga<\/p>\n\n\n<div id=\"acf-block_6225ddc2074b0\" class=\"acf-block-element element-services layout_default\"><div class=\"element-inner\"><div id=\"service-182\" class=\"service-item\"><div class=\"service-item__icon d-flex flex-wrap align-items-center\"><img decoding=\"async\" src=\"https:\/\/tamperemaja.ee\/kultuuriuritused\/wp-content\/uploads\/sites\/2\/2022\/03\/icon-bike.svg\" alt=\"\" \/><\/div><div class=\"service-item__content d-flex flex-wrap align-items-center\"><p class=\"has-large-font-size font-weight-bold\">Jalgratta rent<\/p><div class=\"serv_desc\">Hetkel on meil pakkuda kaks korralikku Helkama linnaratast \u2013 kolmek\u00e4iguline ja seitsmek\u00e4iguline.\r\nTartu kergliiklusteede paiknemist on v\u00f5imalik vaadata lingilt: <a href=\"https:\/\/tartu.maps.arcgis.com\/apps\/webappviewer\/index.html?id=e462e23eeb8d42768d3937bdce42e583\" target=\"_blank\" rel=\"noopener\">kergliiklusteed<\/a>.<\/div><div class=\"wp-block-button\"><button type=\"button\" class=\"wp-block-button__link\" data-toggle=\"modal\" data-target=\"#serviceModal-182\">Vaata hindu<\/button><\/div><\/div><div class=\"modal fade\" id=\"serviceModal-182\" tabindex=\"-1\" aria-labelledby=\"serviceModal-182Label\" aria-hidden=\"true\"><div class=\"modal-dialog modal-service modal-dialog-centered modal-dialog-scrollable modal-xl\"><div class=\"modal-content\"><button type=\"button\" class=\"close\" data-dismiss=\"modal\" aria-label=\"Close\"><svg width=\"24\" height=\"24\" viewBox=\"0 0 24 24\" fill=\"none\" xmlns=\"http:\/\/www.w3.org\/2000\/svg\"><path fill-rule=\"evenodd\" clip-rule=\"evenodd\" d=\"M0.590729 20.5569C-0.19691 21.3445 -0.19691 22.6216 0.590729 23.4092C1.37837 24.1968 2.65538 24.1968 3.44302 23.4092L12.0002 14.8519L20.5575 23.4093C21.3452 24.1969 22.6222 24.1969 23.4098 23.4093C24.1975 22.6216 24.1975 21.3446 23.4098 20.557L14.8525 11.9996L23.4091 3.44304C24.1967 2.6554 24.1967 1.37838 23.4091 0.590733C22.6214 -0.19691 21.3444 -0.196911 20.5568 0.590731L12.0002 9.14733L3.44376 0.590805C2.65612 -0.196838 1.3791 -0.196838 0.591463 0.590805C-0.196176 1.37845 -0.196178 2.65547 0.591461 3.44311L9.14794 11.9996L0.590729 20.5569Z\" fill=\"var(--primary-color)\"\/><\/svg><\/button><div class=\"modal-body d-flex flex-wrap\"><div class=\"modal-body__content\"><p class=\"has-giant-font-size\">Jalgratta rent<\/p><div class=\"modal-info__row\"><p>Tunnihind on 2\u20ac<\/p><\/div><div class=\"modal-info__row\"><p>P\u00e4evahind 10\u20ac<\/p><\/div><div class=\"modal-info__row\"><p>Meie juures v\u00e4hemalt kolm \u00f6\u00f6d j\u00e4rjest \u00f6\u00f6bijatele jalgrataste kasutamine tasuta<\/p><p class=\"has-small-font-size\">Juhul kui on vabu rattaid<\/p><\/div><div class=\"wp-block-button\"><a href=\"#\" class=\"wp-block-button__link\" target=\"\">Broneeri ratas<\/a><\/div><\/div><div class=\"modal-body__img\"><img loading=\"lazy\" decoding=\"async\" width=\"896\" height=\"640\" src=\"https:\/\/tamperemaja.ee\/kultuuriuritused\/wp-content\/uploads\/sites\/2\/fly-images\/2150\/rattad-896x640-c.jpg\" class=\"attachment-896x640\" alt=\"rattad\" \/><\/div><\/div><\/div><\/div><\/div><\/div><div id=\"service-181\" class=\"service-item\"><div class=\"service-item__icon d-flex flex-wrap align-items-center\"><img decoding=\"async\" src=\"https:\/\/tamperemaja.ee\/kultuuriuritused\/wp-content\/uploads\/sites\/2\/2022\/03\/icon-sauna.svg\" alt=\"\" \/><\/div><div class=\"service-item__content d-flex flex-wrap align-items-center\"><p class=\"has-large-font-size font-weight-bold\">Soe saun<\/p><div class=\"serv_desc\">Tampere Majas on v\u00f5imalik nautida saunam\u00f5nusid saunas, mille laval j\u00e4tkub ruumi umbes 7 inimesele. Saunaruumiga on \u00fchenduses kaminatuba, kus saab istuda nii laua taga kui ka diivanil. Saunaruumid mahutavad korraga umbes 15 inimest.<\/div><div class=\"wp-block-button\"><button type=\"button\" class=\"wp-block-button__link\" data-toggle=\"modal\" data-target=\"#serviceModal-181\">Vaata hindu<\/button><\/div><\/div><div class=\"modal fade\" id=\"serviceModal-181\" tabindex=\"-1\" aria-labelledby=\"serviceModal-181Label\" aria-hidden=\"true\"><div class=\"modal-dialog modal-service modal-dialog-centered modal-dialog-scrollable modal-xl\"><div class=\"modal-content\"><button type=\"button\" class=\"close\" data-dismiss=\"modal\" aria-label=\"Close\"><svg width=\"24\" height=\"24\" viewBox=\"0 0 24 24\" fill=\"none\" xmlns=\"http:\/\/www.w3.org\/2000\/svg\"><path fill-rule=\"evenodd\" clip-rule=\"evenodd\" d=\"M0.590729 20.5569C-0.19691 21.3445 -0.19691 22.6216 0.590729 23.4092C1.37837 24.1968 2.65538 24.1968 3.44302 23.4092L12.0002 14.8519L20.5575 23.4093C21.3452 24.1969 22.6222 24.1969 23.4098 23.4093C24.1975 22.6216 24.1975 21.3446 23.4098 20.557L14.8525 11.9996L23.4091 3.44304C24.1967 2.6554 24.1967 1.37838 23.4091 0.590733C22.6214 -0.19691 21.3444 -0.196911 20.5568 0.590731L12.0002 9.14733L3.44376 0.590805C2.65612 -0.196838 1.3791 -0.196838 0.591463 0.590805C-0.196176 1.37845 -0.196178 2.65547 0.591461 3.44311L9.14794 11.9996L0.590729 20.5569Z\" fill=\"var(--primary-color)\"\/><\/svg><\/button><div class=\"modal-body d-flex flex-wrap\"><div class=\"modal-body__content\"><p class=\"has-giant-font-size\">Soe saun<\/p><div class=\"modal-info__row\"><p>1-2 inimest 20 \u20ac \/ tund iga j\u00e4rgnev tund 10 \u20ac<\/p><\/div><div class=\"modal-info__row\"><p>3-4 inimest 25 \u20ac \/ tund iga j\u00e4rgnev tund 15 \u20ac<\/p><\/div><div class=\"modal-info__row\"><p>5-9 inimest 30 \u20ac \/ tund iga j\u00e4rgnev tund 20 \u20ac<\/p><\/div><div class=\"modal-info__row\"><p>10-15 inimest\t40 \u20ac \/ tund iga j\u00e4rgnev tund 30 \u20ac<\/p><\/div><div class=\"has-small-font-size editor-content\"><p>NB! Broneeringu k\u00f5ige hilisem algusaeg on 18.00 ning k\u00f5ige hilisem l\u00f5puaeg 22.00! Lisainfo ja erikokkulepete jaoks v\u00f5tke \u00fchendust meie kontoriga.<\/p>\n<\/div><\/div><div class=\"modal-body__img\"><img loading=\"lazy\" decoding=\"async\" width=\"896\" height=\"640\" src=\"https:\/\/tamperemaja.ee\/kultuuriuritused\/wp-content\/uploads\/sites\/2\/fly-images\/2162\/saun-896x640-c.jpg\" class=\"attachment-896x640\" alt=\"saun\" \/><\/div><\/div><\/div><\/div><\/div><\/div><div id=\"service-180\" class=\"service-item\"><div class=\"service-item__icon d-flex flex-wrap align-items-center\"><img decoding=\"async\" src=\"https:\/\/tamperemaja.ee\/kultuuriuritused\/wp-content\/uploads\/sites\/2\/2022\/03\/icon-seminar.svg\" alt=\"\" \/><\/div><div class=\"service-item__content d-flex flex-wrap align-items-center\"><p class=\"has-large-font-size font-weight-bold\">Seminariruumid<\/p><div class=\"serv_desc\">Tampere Maja keldrikorrusel asub 40-kohaline seminariruum. Selles ajaloolise interj\u00f6\u00f6riga ruumis on v\u00f5imalik korraldada erinevaid \u00fcritusi \u2013 koosviibimisi, s\u00fcnnip\u00e4evasid, seminare jne. Seminariruumi juurde kuulub ka k\u00f6\u00f6k, kus saab valmistada suupisteid ning keeta kohvi v\u00f5i teed.\r\nHubases keldriruumis toimuvad nii meie kirjandus\u00f5htud ja kontserdid kui ka hernesupi\u00f5htud, mida korraldavad Tartus elavad soomlased iga kuu viimasel teisip\u00e4eval.<\/div><div class=\"wp-block-button\"><button type=\"button\" class=\"wp-block-button__link\" data-toggle=\"modal\" data-target=\"#serviceModal-180\">Vaata hindu<\/button><\/div><\/div><div class=\"modal fade\" id=\"serviceModal-180\" tabindex=\"-1\" aria-labelledby=\"serviceModal-180Label\" aria-hidden=\"true\"><div class=\"modal-dialog modal-service modal-dialog-centered modal-dialog-scrollable modal-xl\"><div class=\"modal-content\"><button type=\"button\" class=\"close\" data-dismiss=\"modal\" aria-label=\"Close\"><svg width=\"24\" height=\"24\" viewBox=\"0 0 24 24\" fill=\"none\" xmlns=\"http:\/\/www.w3.org\/2000\/svg\"><path fill-rule=\"evenodd\" clip-rule=\"evenodd\" d=\"M0.590729 20.5569C-0.19691 21.3445 -0.19691 22.6216 0.590729 23.4092C1.37837 24.1968 2.65538 24.1968 3.44302 23.4092L12.0002 14.8519L20.5575 23.4093C21.3452 24.1969 22.6222 24.1969 23.4098 23.4093C24.1975 22.6216 24.1975 21.3446 23.4098 20.557L14.8525 11.9996L23.4091 3.44304C24.1967 2.6554 24.1967 1.37838 23.4091 0.590733C22.6214 -0.19691 21.3444 -0.196911 20.5568 0.590731L12.0002 9.14733L3.44376 0.590805C2.65612 -0.196838 1.3791 -0.196838 0.591463 0.590805C-0.196176 1.37845 -0.196178 2.65547 0.591461 3.44311L9.14794 11.9996L0.590729 20.5569Z\" fill=\"var(--primary-color)\"\/><\/svg><\/button><div class=\"modal-body d-flex flex-wrap\"><div class=\"modal-body__content\"><p class=\"has-giant-font-size\">Seminariruumid<\/p><div class=\"modal-info__row\"><p>Seminariruumirendi tunnihind on 20 eurot.<\/p><\/div><\/div><div class=\"modal-body__img\"><img loading=\"lazy\" decoding=\"async\" width=\"896\" height=\"640\" src=\"https:\/\/tamperemaja.ee\/kultuuriuritused\/wp-content\/uploads\/sites\/2\/fly-images\/2159\/seminariruum-896x640-c.jpg\" class=\"attachment-896x640\" alt=\"seminariruum\" \/><\/div><\/div><\/div><\/div><\/div><\/div><\/div><\/div>","protected":false},"excerpt":{"rendered":"<p>Tutvu meie teenusevalikuga<\/p>\n","protected":false},"author":1,"featured_media":0,"parent":0,"menu_order":20,"comment_status":"closed","ping_status":"closed","template":"","meta":{"_acf_changed":false,"inline_featured_image":false,"footnotes":""},"class_list":["post-42","page","type-page","status-publish","hentry"],"acf":[],"_links":{"self":[{"href":"https:\/\/tamperemaja.ee\/kultuuriuritused\/wp-json\/wp\/v2\/pages\/42"}],"collection":[{"href":"https:\/\/tamperemaja.ee\/kultuuriuritused\/wp-json\/wp\/v2\/pages"}],"about":[{"href":"https:\/\/tamperemaja.ee\/kultuuriuritused\/wp-json\/wp\/v2\/types\/page"}],"author":[{"embeddable":true,"href":"https:\/\/tamperemaja.ee\/kultuuriuritused\/wp-json\/wp\/v2\/users\/1"}],"replies":[{"embeddable":true,"href":"https:\/\/tamperemaja.ee\/kultuuriuritused\/wp-json\/wp\/v2\/comments?post=42"}],"version-history":[{"count":5,"href":"https:\/\/tamperemaja.ee\/kultuuriuritused\/wp-json\/wp\/v2\/pages\/42\/revisions"}],"predecessor-version":[{"id":265,"href":"https:\/\/tamperemaja.ee\/kultuuriuritused\/wp-json\/wp\/v2\/pages\/42\/revisions\/265"}],"wp:attachment":[{"href":"https:\/\/tamperemaja.ee\/kultuuriuritused\/wp-json\/wp\/v2\/media?parent=42"}],"curies":[{"name":"wp","href":"https:\/\/api.w.org\/{rel}","templated":true}]}}