{"id":2193,"date":"2022-03-04T12:29:54","date_gmt":"2022-03-04T10:29:54","guid":{"rendered":"https:\/\/www.tamperemaja.ee\/kultuuriuritused\/kotisivu\/"},"modified":"2022-05-10T09:37:05","modified_gmt":"2022-05-10T06:37:05","slug":"kotisivu","status":"publish","type":"page","link":"https:\/\/tamperemaja.ee\/kultuuriuritused\/fi\/","title":{"rendered":"Kotisivu"},"content":{"rendered":"<div id=\"acf-block_6226ff1e64b69\" class=\"acf-block-element element-cover\"><div class=\"element-inner d-flex flex-wrap align-items-center justify-content-center position-relative\"><div class=\"element-bg\"1><img loading=\"lazy\" decoding=\"async\" width=\"1408\" height=\"416\" src=\"https:\/\/tamperemaja.ee\/kultuuriuritused\/wp-content\/uploads\/sites\/2\/fly-images\/1990\/kultuur-banner-1408x448-c.png\" class=\"attachment-1408x448\" alt=\"kultuur-banner\" \/><\/div><div class=\"element-content has-text-align-center\">\n\n<h1 class=\"wp-el wp-block-heading\">Lep\u00e4\u00e4 kulttuurin keskell\u00e4<\/h1>\n\n\n<div class=\"single-el el-line__decal\"><svg width=\"40\" height=\"40\" viewBox=\"0 0 40 40\" fill=\"none\" xmlns=\"http:\/\/www.w3.org\/2000\/svg\"><path d=\"M20 33.8787L16.2028 30.0815C11.3213 25.2 11.3213 17.2854 16.2028 12.4039L20 8.6067L23.7972 12.4039C28.6787 17.2854 28.6787 25.2 23.7972 30.0815L20 33.8787Z\" stroke=\"var(--primary-color)\" stroke-width=\"3\"\/><mask id=\"symbol-mask\" fill=\"white\"><path d=\"M11 25C7.68629 25 5 22.3137 5 19L5 15L13.5 15L13.5 25L11 25Z\"\/><\/mask><path d=\"M5 15L5 12L2 12L2 15L5 15ZM13.5 15L16.5 15L16.5 12L13.5 12L13.5 15ZM13.5 25L13.5 28L16.5 28L16.5 25L13.5 25ZM8 19L8 15L2 15L2 19L8 19ZM5 18L13.5 18L13.5 12L5 12L5 18ZM10.5 15L10.5 25L16.5 25L16.5 15L10.5 15ZM13.5 22L11 22L11 28L13.5 28L13.5 22ZM2 19C2 23.9706 6.02944 28 11 28L11 22C9.34315 22 8 20.6569 8 19L2 19Z\" fill=\"var(--primary-color)\" mask=\"url(#symbol-mask)\"\/><mask id=\"symbol-mask2\" fill=\"white\"><path d=\"M29 25C32.3137 25 35 22.3137 35 19L35 15L26.5 15L26.5 25L29 25Z\"\/><\/mask><path d=\"M35 15L35 12L38 12L38 15L35 15ZM26.5 15L23.5 15L23.5 12L26.5 12L26.5 15ZM26.5 25L26.5 28L23.5 28L23.5 25L26.5 25ZM32 19L32 15L38 15L38 19L32 19ZM35 18L26.5 18L26.5 12L35 12L35 18ZM29.5 15L29.5 25L23.5 25L23.5 15L29.5 15ZM26.5 22L29 22L29 28L26.5 28L26.5 22ZM38 19C38 23.9706 33.9706 28 29 28L29 22C30.6569 22 32 20.6569 32 19L38 19Z\" fill=\"var(--primary-color)\" mask=\"url(#symbol-mask2)\"\/><\/svg><\/div>\n\n\n<div class=\"wp-block-buttons is-layout-flex wp-block-buttons-is-layout-flex\">\n<div class=\"wp-block-button\"><a class=\"wp-block-button__link\" href=\"https:\/\/tamperemaja.ee\/kultuuriuritused\/fi\/category\/uncategorized-fi\/\">Katso tapahtumia<\/a><\/div>\n<\/div>\n\n<\/div><\/div><\/div>\n\n<h2 id=\"acf-block_6225b5a0ca4e0\" class=\"wp-el element-special-heading has-text-align-center\"><span class=\"position-relative\"><svg width=\"52\" height=\"33\" viewBox=\"0 0 52 33\" fill=\"none\" xmlns=\"http:\/\/www.w3.org\/2000\/svg\"><rect x=\"-2.14363\" y=\"-2.68221e-07\" width=\"19.8705\" height=\"19.8705\" transform=\"matrix(-0.714545 0.69959 -0.714545 -0.69959 38.6454 17.5144)\" stroke=\"var(--primary-color)\" stroke-width=\"3\"\/><rect x=\"-2.14363\" y=\"-2.68221e-07\" width=\"12.1463\" height=\"12.1463\" transform=\"matrix(-0.714545 0.69959 -0.714545 -0.69959 48.3246 17.4937)\" stroke=\"var(--primary-color)\" stroke-width=\"3\"\/><rect x=\"-2.14363\" y=\"-2.68221e-07\" width=\"12.1462\" height=\"12.1462\" transform=\"matrix(-0.714545 0.69959 -0.714545 -0.69959 17.9702 17.4937)\" stroke=\"var(--primary-color)\" stroke-width=\"3\"\/><\/svg>Kulttuurip\u00e4iv\u00e4kirja<svg width=\"52\" height=\"33\" viewBox=\"0 0 52 33\" fill=\"none\" xmlns=\"http:\/\/www.w3.org\/2000\/svg\"><rect x=\"-2.14363\" y=\"-2.68221e-07\" width=\"19.8705\" height=\"19.8705\" transform=\"matrix(-0.714545 0.69959 -0.714545 -0.69959 38.6454 17.5144)\" stroke=\"var(--primary-color)\" stroke-width=\"3\"\/><rect x=\"-2.14363\" y=\"-2.68221e-07\" width=\"12.1463\" height=\"12.1463\" transform=\"matrix(-0.714545 0.69959 -0.714545 -0.69959 48.3246 17.4937)\" stroke=\"var(--primary-color)\" stroke-width=\"3\"\/><rect x=\"-2.14363\" y=\"-2.68221e-07\" width=\"12.1462\" height=\"12.1462\" transform=\"matrix(-0.714545 0.69959 -0.714545 -0.69959 17.9702 17.4937)\" stroke=\"var(--primary-color)\" stroke-width=\"3\"\/><\/svg><\/span><\/h2>\n\n<div id=\"acf-block_622f2f795aa32\" class=\"acf-block-element element-posts-extended\"><div id=\"post-3955\" class=\"post-item-extended__outer position-relative\"><div class=\"post-item-extended d-flex flex-wrap\"><a href=\"https:\/\/tamperemaja.ee\/kultuuriuritused\/fi\/satu-kalliokuusi-ja-ahti-meier\/\" class=\"post-item-extended__thumb d-block position-relative\"><img loading=\"lazy\" decoding=\"async\" width=\"500\" height=\"320\" src=\"https:\/\/tamperemaja.ee\/kultuuriuritused\/wp-content\/uploads\/sites\/2\/fly-images\/3950\/BETULA_SatuKalliokuusi2024-500px-768x320-c.jpg\" class=\"attachment-768x320\" alt=\"BETULA_SatuKalliokuusi2024-500px\" \/><\/a><div class=\"post-item-extended__content\"><div class=\"post-item-extended__meta\"><div class=\"d-flex flex-wrap align-items-center\"><p>Praegu \u00fcleval: <\/p><p class=\"has-text-align-right has-small-font-size\">kuni: 17.05.2026<\/p><\/div><p><a href=\"https:\/\/tamperemaja.ee\/kultuuriuritused\/fi\/satu-kalliokuusi-ja-ahti-meier\/\">Satu Kalliokuusi ja Ahti Meier<\/a><\/p><p class=\"post-item__name has-small-font-size\">Suomalais-ugrilainen maisema, Satu Kalliokuusi ja Ahti Meier<\/p><\/div><div class=\"editor-content\">Kunstnikupaar Meier &#038; Kalliokuusi \u00fchisn\u00e4itus \u201eSoome-ugri maastik\u201c koosneb erinevates tehnikates valminud maalidest. N\u00e4itus avatakse Ainol<\/div><\/div><\/div><div class=\"wp-block-button\"><a href=\"https:\/\/tamperemaja.ee\/kultuuriuritused\/fi\/satu-kalliokuusi-ja-ahti-meier\/\" class=\"wp-block-button__link\">Read more<\/a><\/div><\/div><div id=\"post-3938\" class=\"post-item-extended__outer position-relative\"><div class=\"post-item-extended d-flex flex-wrap\"><a href=\"https:\/\/tamperemaja.ee\/kultuuriuritused\/fi\/keittiopuutarha\/\" class=\"post-item-extended__thumb d-block position-relative\"><img loading=\"lazy\" decoding=\"async\" width=\"768\" height=\"320\" src=\"https:\/\/tamperemaja.ee\/kultuuriuritused\/wp-content\/uploads\/sites\/2\/fly-images\/3936\/Keha2023-768x320-c.jpg\" class=\"attachment-768x320\" alt=\"Keha\u03082023\" \/><\/a><div class=\"post-item-extended__content\"><div class=\"post-item-extended__meta\"><div class=\"d-flex flex-wrap align-items-center\"><p>Praegu \u00fcleval: <\/p><p class=\"has-text-align-right has-small-font-size\">kuni: 31.12.2025<\/p><\/div><p><a href=\"https:\/\/tamperemaja.ee\/kultuuriuritused\/fi\/keittiopuutarha\/\">Keitti\u00f6puutarha<\/a><\/p><p class=\"post-item__name has-small-font-size\">Keitti\u00f6puutarha &#8211; Mariliina Valkaman n\u00e4yttely<\/p><\/div><div class=\"editor-content\">Keitti\u00f6puutarha on paikka, jossa ihminen kasvattaa itselleen ruuaksi sopivia kasveja. <\/div><\/div><\/div><div class=\"wp-block-button\"><a href=\"https:\/\/tamperemaja.ee\/kultuuriuritused\/fi\/keittiopuutarha\/\" class=\"wp-block-button__link\">Read more<\/a><\/div><\/div><\/div>\n\n<h2 id=\"acf-block_6225b288f9a56\" class=\"wp-el element-special-heading has-text-align-center\"><span class=\"position-relative\"><svg width=\"52\" height=\"33\" viewBox=\"0 0 52 33\" fill=\"none\" xmlns=\"http:\/\/www.w3.org\/2000\/svg\"><rect x=\"-2.14363\" y=\"-2.68221e-07\" width=\"19.8705\" height=\"19.8705\" transform=\"matrix(-0.714545 0.69959 -0.714545 -0.69959 38.6454 17.5144)\" stroke=\"var(--primary-color)\" stroke-width=\"3\"\/><rect x=\"-2.14363\" y=\"-2.68221e-07\" width=\"12.1463\" height=\"12.1463\" transform=\"matrix(-0.714545 0.69959 -0.714545 -0.69959 48.3246 17.4937)\" stroke=\"var(--primary-color)\" stroke-width=\"3\"\/><rect x=\"-2.14363\" y=\"-2.68221e-07\" width=\"12.1462\" height=\"12.1462\" transform=\"matrix(-0.714545 0.69959 -0.714545 -0.69959 17.9702 17.4937)\" stroke=\"var(--primary-color)\" stroke-width=\"3\"\/><\/svg>Tulevat tapahtumat<svg width=\"52\" height=\"33\" viewBox=\"0 0 52 33\" fill=\"none\" xmlns=\"http:\/\/www.w3.org\/2000\/svg\"><rect x=\"-2.14363\" y=\"-2.68221e-07\" width=\"19.8705\" height=\"19.8705\" transform=\"matrix(-0.714545 0.69959 -0.714545 -0.69959 38.6454 17.5144)\" stroke=\"var(--primary-color)\" stroke-width=\"3\"\/><rect x=\"-2.14363\" y=\"-2.68221e-07\" width=\"12.1463\" height=\"12.1463\" transform=\"matrix(-0.714545 0.69959 -0.714545 -0.69959 48.3246 17.4937)\" stroke=\"var(--primary-color)\" stroke-width=\"3\"\/><rect x=\"-2.14363\" y=\"-2.68221e-07\" width=\"12.1462\" height=\"12.1462\" transform=\"matrix(-0.714545 0.69959 -0.714545 -0.69959 17.9702 17.4937)\" stroke=\"var(--primary-color)\" stroke-width=\"3\"\/><\/svg><\/span><\/h2>\n\n<div id=\"acf-block_6225b73420e43\" class=\"acf-block-element element-posts\"><div class=\"row row-grid row-posts justify-content-center\"><div class=\"col-12 col-sm-6 col-md-6 col-lg-4 col-xl-3\"><article id=\"post-3955\" class=\"post-item position-relative h-100\"><a href=\"https:\/\/tamperemaja.ee\/kultuuriuritused\/fi\/satu-kalliokuusi-ja-ahti-meier\/\" class=\"post-item__thumb d-block position-relative\"><img loading=\"lazy\" decoding=\"async\" width=\"304\" height=\"192\" src=\"https:\/\/tamperemaja.ee\/kultuuriuritused\/wp-content\/uploads\/sites\/2\/2026\/03\/BETULA_SatuKalliokuusi2024-500px-304x192.jpg\" class=\"attachment-thumbnail size-thumbnail wp-post-image\" alt=\"\" \/><\/a><div class=\"post-item__content text-center\"><p class=\"has-large-font-size font-weight-bold d-flex flex-wrap align-items-center justify-content-center\"><a href=\"https:\/\/tamperemaja.ee\/kultuuriuritused\/fi\/satu-kalliokuusi-ja-ahti-meier\/\">Satu Kalliokuusi ja Ahti Meier<\/a><\/p><div class=\"post-item__content-end\"><p>Suomalais-ugrilainen maisema, Satu Kalliokuusi ja Ahti Meier<\/p><div class=\"el-line__decal\"><svg width=\"40\" height=\"40\" viewBox=\"0 0 40 40\" fill=\"none\" xmlns=\"http:\/\/www.w3.org\/2000\/svg\"><path d=\"M20 33.8787L16.2028 30.0815C11.3213 25.2 11.3213 17.2854 16.2028 12.4039L20 8.6067L23.7972 12.4039C28.6787 17.2854 28.6787 25.2 23.7972 30.0815L20 33.8787Z\" stroke=\"var(--primary-color)\" stroke-width=\"3\"\/><mask id=\"symbol-mask\" fill=\"white\"><path d=\"M11 25C7.68629 25 5 22.3137 5 19L5 15L13.5 15L13.5 25L11 25Z\"\/><\/mask><path d=\"M5 15L5 12L2 12L2 15L5 15ZM13.5 15L16.5 15L16.5 12L13.5 12L13.5 15ZM13.5 25L13.5 28L16.5 28L16.5 25L13.5 25ZM8 19L8 15L2 15L2 19L8 19ZM5 18L13.5 18L13.5 12L5 12L5 18ZM10.5 15L10.5 25L16.5 25L16.5 15L10.5 15ZM13.5 22L11 22L11 28L13.5 28L13.5 22ZM2 19C2 23.9706 6.02944 28 11 28L11 22C9.34315 22 8 20.6569 8 19L2 19Z\" fill=\"var(--primary-color)\" mask=\"url(#symbol-mask)\"\/><mask id=\"symbol-mask2\" fill=\"white\"><path d=\"M29 25C32.3137 25 35 22.3137 35 19L35 15L26.5 15L26.5 25L29 25Z\"\/><\/mask><path d=\"M35 15L35 12L38 12L38 15L35 15ZM26.5 15L23.5 15L23.5 12L26.5 12L26.5 15ZM26.5 25L26.5 28L23.5 28L23.5 25L26.5 25ZM32 19L32 15L38 15L38 19L32 19ZM35 18L26.5 18L26.5 12L35 12L35 18ZM29.5 15L29.5 25L23.5 25L23.5 15L29.5 15ZM26.5 22L29 22L29 28L26.5 28L26.5 22ZM38 19C38 23.9706 33.9706 28 29 28L29 22C30.6569 22 32 20.6569 32 19L38 19Z\" fill=\"var(--primary-color)\" mask=\"url(#symbol-mask2)\"\/><\/svg><\/div><div class=\"wp-block-button\"><a href=\"https:\/\/tamperemaja.ee\/kultuuriuritused\/fi\/satu-kalliokuusi-ja-ahti-meier\/\" class=\"wp-block-button__link\">View more<\/a><\/div><\/div><\/div><\/article><\/div><div class=\"col-12 col-sm-6 col-md-6 col-lg-4 col-xl-3\"><article id=\"post-3938\" class=\"post-item position-relative h-100\"><a href=\"https:\/\/tamperemaja.ee\/kultuuriuritused\/fi\/keittiopuutarha\/\" class=\"post-item__thumb d-block position-relative\"><img loading=\"lazy\" decoding=\"async\" width=\"304\" height=\"192\" src=\"https:\/\/tamperemaja.ee\/kultuuriuritused\/wp-content\/uploads\/sites\/2\/2025\/11\/Keha2023-304x192.jpg\" class=\"attachment-thumbnail size-thumbnail wp-post-image\" alt=\"\" \/><\/a><div class=\"post-item__content text-center\"><p class=\"has-large-font-size font-weight-bold d-flex flex-wrap align-items-center justify-content-center\"><a href=\"https:\/\/tamperemaja.ee\/kultuuriuritused\/fi\/keittiopuutarha\/\">Keitti\u00f6puutarha<\/a><\/p><div class=\"post-item__content-end\"><p>Keitti\u00f6puutarha &#8211; Mariliina Valkaman n\u00e4yttely<\/p><div class=\"el-line__decal\"><svg width=\"40\" height=\"40\" viewBox=\"0 0 40 40\" fill=\"none\" xmlns=\"http:\/\/www.w3.org\/2000\/svg\"><path d=\"M20 33.8787L16.2028 30.0815C11.3213 25.2 11.3213 17.2854 16.2028 12.4039L20 8.6067L23.7972 12.4039C28.6787 17.2854 28.6787 25.2 23.7972 30.0815L20 33.8787Z\" stroke=\"var(--primary-color)\" stroke-width=\"3\"\/><mask id=\"symbol-mask\" fill=\"white\"><path d=\"M11 25C7.68629 25 5 22.3137 5 19L5 15L13.5 15L13.5 25L11 25Z\"\/><\/mask><path d=\"M5 15L5 12L2 12L2 15L5 15ZM13.5 15L16.5 15L16.5 12L13.5 12L13.5 15ZM13.5 25L13.5 28L16.5 28L16.5 25L13.5 25ZM8 19L8 15L2 15L2 19L8 19ZM5 18L13.5 18L13.5 12L5 12L5 18ZM10.5 15L10.5 25L16.5 25L16.5 15L10.5 15ZM13.5 22L11 22L11 28L13.5 28L13.5 22ZM2 19C2 23.9706 6.02944 28 11 28L11 22C9.34315 22 8 20.6569 8 19L2 19Z\" fill=\"var(--primary-color)\" mask=\"url(#symbol-mask)\"\/><mask id=\"symbol-mask2\" fill=\"white\"><path d=\"M29 25C32.3137 25 35 22.3137 35 19L35 15L26.5 15L26.5 25L29 25Z\"\/><\/mask><path d=\"M35 15L35 12L38 12L38 15L35 15ZM26.5 15L23.5 15L23.5 12L26.5 12L26.5 15ZM26.5 25L26.5 28L23.5 28L23.5 25L26.5 25ZM32 19L32 15L38 15L38 19L32 19ZM35 18L26.5 18L26.5 12L35 12L35 18ZM29.5 15L29.5 25L23.5 25L23.5 15L29.5 15ZM26.5 22L29 22L29 28L26.5 28L26.5 22ZM38 19C38 23.9706 33.9706 28 29 28L29 22C30.6569 22 32 20.6569 32 19L38 19Z\" fill=\"var(--primary-color)\" mask=\"url(#symbol-mask2)\"\/><\/svg><\/div><div class=\"wp-block-button\"><a href=\"https:\/\/tamperemaja.ee\/kultuuriuritused\/fi\/keittiopuutarha\/\" class=\"wp-block-button__link\">View more<\/a><\/div><\/div><\/div><\/article><\/div><\/div><\/div>\n\n<h2 id=\"acf-block_6225b534ca4de\" class=\"wp-el element-special-heading has-text-align-center\"><span class=\"position-relative\"><svg width=\"52\" height=\"33\" viewBox=\"0 0 52 33\" fill=\"none\" xmlns=\"http:\/\/www.w3.org\/2000\/svg\"><rect x=\"-2.14363\" y=\"-2.68221e-07\" width=\"19.8705\" height=\"19.8705\" transform=\"matrix(-0.714545 0.69959 -0.714545 -0.69959 38.6454 17.5144)\" stroke=\"var(--primary-color)\" stroke-width=\"3\"\/><rect x=\"-2.14363\" y=\"-2.68221e-07\" width=\"12.1463\" height=\"12.1463\" transform=\"matrix(-0.714545 0.69959 -0.714545 -0.69959 48.3246 17.4937)\" stroke=\"var(--primary-color)\" stroke-width=\"3\"\/><rect x=\"-2.14363\" y=\"-2.68221e-07\" width=\"12.1462\" height=\"12.1462\" transform=\"matrix(-0.714545 0.69959 -0.714545 -0.69959 17.9702 17.4937)\" stroke=\"var(--primary-color)\" stroke-width=\"3\"\/><\/svg>Keit\u00e4 olemme<svg width=\"52\" height=\"33\" viewBox=\"0 0 52 33\" fill=\"none\" xmlns=\"http:\/\/www.w3.org\/2000\/svg\"><rect x=\"-2.14363\" y=\"-2.68221e-07\" width=\"19.8705\" height=\"19.8705\" transform=\"matrix(-0.714545 0.69959 -0.714545 -0.69959 38.6454 17.5144)\" stroke=\"var(--primary-color)\" stroke-width=\"3\"\/><rect x=\"-2.14363\" y=\"-2.68221e-07\" width=\"12.1463\" height=\"12.1463\" transform=\"matrix(-0.714545 0.69959 -0.714545 -0.69959 48.3246 17.4937)\" stroke=\"var(--primary-color)\" stroke-width=\"3\"\/><rect x=\"-2.14363\" y=\"-2.68221e-07\" width=\"12.1462\" height=\"12.1462\" transform=\"matrix(-0.714545 0.69959 -0.714545 -0.69959 17.9702 17.4937)\" stroke=\"var(--primary-color)\" stroke-width=\"3\"\/><\/svg><\/span><\/h2>\n\n\n<p class=\"has-text-align-center wp-el\">Tampere House on kahden yst\u00e4vyyskaupungin kulttuurikeskus ja vierastalo. Talossa on kolme kahden hengen huonetta, kolme perhehuonetta ja yksi kuuden hengen huone (kaksi kerrosta). Kaikissa huoneissa on oma kylpyhuone, perhehuoneissa my\u00f6s keitti\u00f6. Vierastalossamme on yhteens\u00e4 24 vuodepaikkaa.<br>Aamiainen sis\u00e4ltyy hintaan.<\/p>\n\n\n\n<p class=\"has-text-align-center wp-el\">Tampere-talo j\u00e4rjest\u00e4\u00e4 my\u00f6s erilaisia \u200b\u200bkulttuuritapahtumia &#8211; n\u00e4yttelyit\u00e4, kirjallisuusiltoja.<\/p>\n\n\n\n<div class=\"wp-block-buttons is-content-justification-center is-layout-flex wp-container-core-buttons-is-layout-2 wp-block-buttons-is-layout-flex\">\n<div class=\"wp-block-button\"><a class=\"wp-block-button__link\" href=\"https:\/\/tamperemaja.ee\/kultuuriuritused\/fi\/tampere-majan-tarina\/\">Lue tarkemmin<\/a><\/div>\n<\/div>\n\n\n<h2 id=\"acf-block_6225b55eca4df\" class=\"wp-el element-special-heading has-text-align-center\"><span class=\"position-relative\"><svg width=\"52\" height=\"33\" viewBox=\"0 0 52 33\" fill=\"none\" xmlns=\"http:\/\/www.w3.org\/2000\/svg\"><rect x=\"-2.14363\" y=\"-2.68221e-07\" width=\"19.8705\" height=\"19.8705\" transform=\"matrix(-0.714545 0.69959 -0.714545 -0.69959 38.6454 17.5144)\" stroke=\"var(--primary-color)\" stroke-width=\"3\"\/><rect x=\"-2.14363\" y=\"-2.68221e-07\" width=\"12.1463\" height=\"12.1463\" transform=\"matrix(-0.714545 0.69959 -0.714545 -0.69959 48.3246 17.4937)\" stroke=\"var(--primary-color)\" stroke-width=\"3\"\/><rect x=\"-2.14363\" y=\"-2.68221e-07\" width=\"12.1462\" height=\"12.1462\" transform=\"matrix(-0.714545 0.69959 -0.714545 -0.69959 17.9702 17.4937)\" stroke=\"var(--primary-color)\" stroke-width=\"3\"\/><\/svg>Seuraa meit\u00e4 Facebookissa<svg width=\"52\" height=\"33\" viewBox=\"0 0 52 33\" fill=\"none\" xmlns=\"http:\/\/www.w3.org\/2000\/svg\"><rect x=\"-2.14363\" y=\"-2.68221e-07\" width=\"19.8705\" height=\"19.8705\" transform=\"matrix(-0.714545 0.69959 -0.714545 -0.69959 38.6454 17.5144)\" stroke=\"var(--primary-color)\" stroke-width=\"3\"\/><rect x=\"-2.14363\" y=\"-2.68221e-07\" width=\"12.1463\" height=\"12.1463\" transform=\"matrix(-0.714545 0.69959 -0.714545 -0.69959 48.3246 17.4937)\" stroke=\"var(--primary-color)\" stroke-width=\"3\"\/><rect x=\"-2.14363\" y=\"-2.68221e-07\" width=\"12.1462\" height=\"12.1462\" transform=\"matrix(-0.714545 0.69959 -0.714545 -0.69959 17.9702 17.4937)\" stroke=\"var(--primary-color)\" stroke-width=\"3\"\/><\/svg><\/span><\/h2>\n\n<div id=\"acf-block_6227001caff09\" class=\"acf-block-element element-cover\"><div class=\"element-inner d-flex flex-wrap align-items-center justify-content-center position-relative\"><div class=\"element-bg\"1><img loading=\"lazy\" decoding=\"async\" width=\"1408\" height=\"448\" src=\"https:\/\/tamperemaja.ee\/kultuuriuritused\/wp-content\/uploads\/sites\/2\/fly-images\/1991\/majutus-banner-1408x448-c.png\" class=\"attachment-1408x448\" alt=\"majutus-banner\" \/><\/div><div class=\"element-content has-text-align-center\">\n\n<h2 class=\"has-giant-font-size wp-el wp-block-heading\">Tarjoamme my\u00f6s majoitusta Tarton keskustassa<\/h2>\n\n\n\n<p class=\"wp-el\">Viihtyis\u00e4t ja yksityiset huoneet keskell\u00e4 kulttuuria<\/p>\n\n\n<div class=\"single-el el-line__decal\"><svg width=\"40\" height=\"40\" viewBox=\"0 0 40 40\" fill=\"none\" xmlns=\"http:\/\/www.w3.org\/2000\/svg\"><path d=\"M20 33.8787L16.2028 30.0815C11.3213 25.2 11.3213 17.2854 16.2028 12.4039L20 8.6067L23.7972 12.4039C28.6787 17.2854 28.6787 25.2 23.7972 30.0815L20 33.8787Z\" stroke=\"var(--primary-color)\" stroke-width=\"3\"\/><mask id=\"symbol-mask\" fill=\"white\"><path d=\"M11 25C7.68629 25 5 22.3137 5 19L5 15L13.5 15L13.5 25L11 25Z\"\/><\/mask><path d=\"M5 15L5 12L2 12L2 15L5 15ZM13.5 15L16.5 15L16.5 12L13.5 12L13.5 15ZM13.5 25L13.5 28L16.5 28L16.5 25L13.5 25ZM8 19L8 15L2 15L2 19L8 19ZM5 18L13.5 18L13.5 12L5 12L5 18ZM10.5 15L10.5 25L16.5 25L16.5 15L10.5 15ZM13.5 22L11 22L11 28L13.5 28L13.5 22ZM2 19C2 23.9706 6.02944 28 11 28L11 22C9.34315 22 8 20.6569 8 19L2 19Z\" fill=\"var(--primary-color)\" mask=\"url(#symbol-mask)\"\/><mask id=\"symbol-mask2\" fill=\"white\"><path d=\"M29 25C32.3137 25 35 22.3137 35 19L35 15L26.5 15L26.5 25L29 25Z\"\/><\/mask><path d=\"M35 15L35 12L38 12L38 15L35 15ZM26.5 15L23.5 15L23.5 12L26.5 12L26.5 15ZM26.5 25L26.5 28L23.5 28L23.5 25L26.5 25ZM32 19L32 15L38 15L38 19L32 19ZM35 18L26.5 18L26.5 12L35 12L35 18ZM29.5 15L29.5 25L23.5 25L23.5 15L29.5 15ZM26.5 22L29 22L29 28L26.5 28L26.5 22ZM38 19C38 23.9706 33.9706 28 29 28L29 22C30.6569 22 32 20.6569 32 19L38 19Z\" fill=\"var(--primary-color)\" mask=\"url(#symbol-mask2)\"\/><\/svg><\/div>\n\n\n<div class=\"wp-block-buttons is-layout-flex wp-block-buttons-is-layout-flex\">\n<div class=\"wp-block-button\"><a class=\"wp-block-button__link\" href=\"https:\/\/tamperemaja.ee\/majutus\/\">Lue lis\u00e4\u00e4<\/a><\/div>\n\n\n\n<div class=\"wp-block-button\"><a class=\"wp-block-button__link\" href=\"#\">Varaa huone<\/a><\/div>\n<\/div>\n\n<\/div><\/div><\/div>\n\n<div id=\"acf-block_622f2b477284a\" class=\"acf-block-element element-map alignfull\"><iframe src=\"https:\/\/www.google.com\/maps\/embed?pb=!1m18!1m12!1m3!1d2091.6722683984144!2d26.71766951647965!3d58.382063793648314!2m3!1f0!2f0!3f0!3m2!1i1024!2i768!4f13.1!3m3!1m2!1s0x46eb36e6a2b053af%3A0x9e1a5bfae3d37888!2sTampere%20Maja%20SA!5e0!3m2!1sen!2see!4v1647258380493!5m2!1sen!2see\" width=\"600\" height=\"450\" style=\"border:0;\" allowfullscreen=\"\" loading=\"lazy\"><\/iframe><\/div>","protected":false},"excerpt":{"rendered":"<p>Tampere House on kahden yst\u00e4vyyskaupungin kulttuurikeskus ja vierastalo. Talossa on kolme kahden hengen huonetta, kolme perhehuonetta ja yksi kuuden hengen&#8230;<\/p>\n","protected":false},"author":1,"featured_media":0,"parent":0,"menu_order":0,"comment_status":"closed","ping_status":"closed","template":"","meta":{"_acf_changed":false,"inline_featured_image":false,"footnotes":""},"class_list":["post-2193","page","type-page","status-publish","hentry"],"acf":[],"_links":{"self":[{"href":"https:\/\/tamperemaja.ee\/kultuuriuritused\/fi\/wp-json\/wp\/v2\/pages\/2193"}],"collection":[{"href":"https:\/\/tamperemaja.ee\/kultuuriuritused\/fi\/wp-json\/wp\/v2\/pages"}],"about":[{"href":"https:\/\/tamperemaja.ee\/kultuuriuritused\/fi\/wp-json\/wp\/v2\/types\/page"}],"author":[{"embeddable":true,"href":"https:\/\/tamperemaja.ee\/kultuuriuritused\/fi\/wp-json\/wp\/v2\/users\/1"}],"replies":[{"embeddable":true,"href":"https:\/\/tamperemaja.ee\/kultuuriuritused\/fi\/wp-json\/wp\/v2\/comments?post=2193"}],"version-history":[{"count":5,"href":"https:\/\/tamperemaja.ee\/kultuuriuritused\/fi\/wp-json\/wp\/v2\/pages\/2193\/revisions"}],"predecessor-version":[{"id":2475,"href":"https:\/\/tamperemaja.ee\/kultuuriuritused\/fi\/wp-json\/wp\/v2\/pages\/2193\/revisions\/2475"}],"wp:attachment":[{"href":"https:\/\/tamperemaja.ee\/kultuuriuritused\/fi\/wp-json\/wp\/v2\/media?parent=2193"}],"curies":[{"name":"wp","href":"https:\/\/api.w.org\/{rel}","templated":true}]}}